{"id":14791,"date":"2025-11-05T11:26:48","date_gmt":"2025-11-05T09:26:48","guid":{"rendered":"https:\/\/www.ocshop.ch\/?post_type=product&#038;p=14791"},"modified":"2026-03-20T10:10:03","modified_gmt":"2026-03-20T08:10:03","slug":"cedis-airpower-spray-kopie","status":"publish","type":"product","link":"https:\/\/www.ocshop.ch\/it\/produkt\/cedis-airpower-spray-kopie\/","title":{"rendered":"Spray ad aria compressa VIKING senza HFC 400 ml"},"content":{"rendered":"<p>Senza HFC per un uso sicuro<\/p>\n<p>Ideale per la pulizia dell&#8217;elettronica<\/p>\n<p>Raggiunge i punti difficili da raggiungere<\/p>\n<p>Funziona con qualsiasi angolazione<\/p>\n<p>Spolveratura efficace per tastiere<\/p>\n<p>Pratico per portapenne e perforatrici<\/p>\n<p>Versatile<\/p>\n<p>Grande flacone da 400 ml<\/p>\n<p>Data di produzione chiaramente indicata<\/p>\n","protected":false},"excerpt":{"rendered":"<p class=\"product-details__description--word-wrap\">Con questo spray ad aria compressa di Viking, raggiungerai ogni fessura! \u00c8 ideale per spolverare componenti elettronici come computer, stampanti, fotocopiatrici e fax. Cos\u00ec potrai comodamente spolverare di nuovo la tua tastiera, dove con il tempo si accumula molta polvere. \u00c8 perfetto anche per l&#8217;uso in portapenne o perforatrici, ad esempio.   <\/p>\n<p class=\"product-details__description--word-wrap\">Nemmeno il punto pi\u00f9 piccolo e nascosto sfuggir\u00e0 a questo pratico spray. Lo spray senza HFC pu\u00f2 essere spruzzato comodamente da qualsiasi angolazione ed \u00e8 quindi ideale per la pulizia di punti difficili da raggiungere. Cos\u00ec, di sicuro, nessun angolo e nessuna fessura rimarranno impolverati! Lo spray ad aria compressa di Viking ti arriva in un flacone da 400 ml.   <\/p>\n<p class=\"product-details__description--word-wrap\">Si prega di notare che la data stampata sul flacone \u00e8 la data di produzione e non la data di scadenza.<\/p>\n","protected":false},"featured_media":14799,"template":"","meta":[],"product_brand":[],"product_cat":[560],"product_tag":[853,846,835,841,840,849,844,838,836,848,845,834,843,837,842,839,850,852,847,851],"class_list":{"0":"post-14791","1":"product","2":"type-product","3":"status-publish","4":"has-post-thumbnail","6":"product_cat-pulizia-e-cura","7":"product_tag-accessori-per-la-pulizia-del-laboratorio-audioprotesico","8":"product_tag-manutenzione-apparecchi-acustici-con-aria-compressa","9":"product_tag-pulizia-apparecchi-acustici-con-aria-compressa","10":"product_tag-pulizia-apparecchi-acustici-intrauricolari-ite-con-aria-compressa","11":"product_tag-pulizia-apparecchi-acustici-retroauricolari-bte-con-aria-compressa","12":"product_tag-pulizia-canale-di-ventilazione-otoplastica-con-aria-compressa","13":"product_tag-pulizia-cerume-apparecchi-acustici-con-aria-compressa","14":"product_tag-pulizia-microfoni-apparecchi-acustici-con-aria-compressa","15":"product_tag-pulizia-otoplastica-con-aria-compressa","16":"product_tag-pulizia-tubicino-sonoro-apparecchio-acustico-con-aria-compressa","17":"product_tag-spray-ad-aria-compressa-per-apparecchi-acustici-delicati","18":"product_tag-spray-ad-aria-compressa-per-audioprotesi","19":"product_tag-spray-ad-aria-compressa-per-la-cura-degli-apparecchi-acustici","20":"product_tag-spray-ad-aria-compressa-per-laboratorio-audioprotesico","21":"product_tag-spray-ad-aria-compressa-per-laboratorio-di-otoplastica","22":"product_tag-spray-ad-aria-compressa-per-pulire-apparecchi-endoauricolari","23":"product_tag-spray-ad-aria-compressa-per-tecnologia-acustica-di-precisione","24":"product_tag-spray-ad-aria-compressa-senza-residui-per-apparecchi-acustici","25":"product_tag-spray-ad-aria-compressa-accessori-per-audioprotesi","26":"product_tag-strumento-di-servizio-per-apparecchi-acustici-ad-aria-compressa","27":"tm-no-options","29":"first","30":"instock","31":"taxable","32":"shipping-taxable","33":"product-type-simple"},"_links":{"self":[{"href":"https:\/\/www.ocshop.ch\/it\/wp-json\/wp\/v2\/product\/14791","targetHints":{"allow":["GET"]}}],"collection":[{"href":"https:\/\/www.ocshop.ch\/it\/wp-json\/wp\/v2\/product"}],"about":[{"href":"https:\/\/www.ocshop.ch\/it\/wp-json\/wp\/v2\/types\/product"}],"wp:featuredmedia":[{"embeddable":true,"href":"https:\/\/www.ocshop.ch\/it\/wp-json\/wp\/v2\/media\/14799"}],"wp:attachment":[{"href":"https:\/\/www.ocshop.ch\/it\/wp-json\/wp\/v2\/media?parent=14791"}],"wp:term":[{"taxonomy":"product_brand","embeddable":true,"href":"https:\/\/www.ocshop.ch\/it\/wp-json\/wp\/v2\/product_brand?post=14791"},{"taxonomy":"product_cat","embeddable":true,"href":"https:\/\/www.ocshop.ch\/it\/wp-json\/wp\/v2\/product_cat?post=14791"},{"taxonomy":"product_tag","embeddable":true,"href":"https:\/\/www.ocshop.ch\/it\/wp-json\/wp\/v2\/product_tag?post=14791"}],"curies":[{"name":"wp","href":"https:\/\/api.w.org\/{rel}","templated":true}]}}