{"id":14449,"date":"2025-09-23T11:20:06","date_gmt":"2025-09-23T09:20:06","guid":{"rendered":"https:\/\/www.ocshop.ch\/produkt\/sistema-di-irrigazione-auricolare-bionix-otoclear\/"},"modified":"2026-03-20T10:33:57","modified_gmt":"2026-03-20T08:33:57","slug":"sistema-di-irrigazione-auricolare-bionix-otoclear","status":"publish","type":"product","link":"https:\/\/www.ocshop.ch\/it\/produkt\/sistema-di-irrigazione-auricolare-bionix-otoclear\/","title":{"rendered":"Sistema di irrigazione auricolare Bionix OtoClear"},"content":{"rendered":"&#13;\n<p>Il sistema di irrigazione auricolare Bionix OtoClear \u00e8 un sistema di alta qualit\u00e0 e facile da usare per la pulizia delicata del condotto uditivo. Il sistema a tre getti di alta qualit\u00e0 riduce la pressione sul timpano e l&#8217;innovativo sistema Gentle-Touch dirige il getto d&#8217;acqua sulla parete del condotto uditivo. <\/p>&#13;\n","protected":false},"excerpt":{"rendered":"<p>Il sistema di irrigazione auricolare Bionix OtoClear \u00e8 un sistema di alta qualit\u00e0 e facile da usare per la pulizia delicata del condotto uditivo. Il sistema a tre getti di alta qualit\u00e0 riduce la pressione sul timpano e l&#8217;innovativo sistema Gentle-Touch dirige il getto d&#8217;acqua sulla parete del condotto uditivo.  Igienico grazie ai puntali monouso, che vengono collegati al sistema tramite un attacco Luer-Lock. Dettagli prodotto: &#8211; Dispositivo per irrigazione auricolare per pulire\/risciacquare delicatamente il condotto uditivo &#8211; Il sistema Gentle-Touch convoglia il getto lungo la parete del condotto uditivo &#8211; Pressione ridotta sul timpano &#8211; Sistema a 3 getti &#8211; Facile da usare &#8211; Igienico grazie ai puntali monouso (attacco Luer-Lock) &#8211; Adattamento ideale dei puntali all\u2019anatomia del paziente<\/p>\n<p>Contenuto della confezione:<\/p>\n<ul>\n<li>1 flacone spray da 500 ml<\/li>\n<li>1 adattatore per puntali monouso<\/li>\n<li>1 contenitore di raccolta<\/li>\n<li>20 puntali monouso<\/li>\n<li>1 manuale d\u2019uso<\/li>\n<\/ul>\n","protected":false},"featured_media":14451,"template":"","meta":[],"product_brand":[],"product_cat":[560],"product_tag":[914,958,959,964,969,961,956,960,966,968,967,913,954,970,953,957,965,955,962,963],"class_list":{"0":"post-14449","1":"product","2":"type-product","3":"status-publish","4":"has-post-thumbnail","6":"product_cat-pulizia-e-cura","7":"product_tag-adattamento-apparecchi-acustici-condotto-uditivo-pulito","8":"product_tag-dispositivo-lavaggio-auricolare-laboratorio-audioprotesico","9":"product_tag-gestione-del-cerume-audioprotesi","10":"product_tag-lavaggio-auricolare-igienico-punte-monouso","11":"product_tag-lavaggio-auricolare-sicuro-protezione-timpano","12":"product_tag-lavaggio-auricolare-studio-audioprotesista","13":"product_tag-lavaggio-professionale-del-condotto-uditivo","14":"product_tag-pulizia-condotto-uditivo-adattamento-apparecchi-acustici","15":"product_tag-pulizia-condotto-uditivo-delicata-a-pressione-ridotta","16":"product_tag-pulizia-orecchio-preparazione-otoplastica","17":"product_tag-pulizia-orecchio-preparazione-presa-impronta","18":"product_tag-pulizia-orecchio-prima-delladattamento-apparecchi-acustici","19":"product_tag-rimozione-cerume-clienti-apparecchi-acustici","20":"product_tag-rimozione-cerume-senza-pressione-audioprotesi","21":"product_tag-sistema-lavaggio-auricolare-audioprotesi","22":"product_tag-sistema-lavaggio-auricolare-otoclear","23":"product_tag-sistema-lavaggio-auricolare-punte-luer-lock","24":"product_tag-sistema-pulizia-orecchio-audioprotesista","25":"product_tag-sistema-rimozione-tappo-di-cerume","26":"product_tag-strumento-pulizia-orecchio-audioprotesi","27":"tm-no-options","29":"first","30":"instock","31":"taxable","32":"shipping-taxable","33":"product-type-simple"},"_links":{"self":[{"href":"https:\/\/www.ocshop.ch\/it\/wp-json\/wp\/v2\/product\/14449","targetHints":{"allow":["GET"]}}],"collection":[{"href":"https:\/\/www.ocshop.ch\/it\/wp-json\/wp\/v2\/product"}],"about":[{"href":"https:\/\/www.ocshop.ch\/it\/wp-json\/wp\/v2\/types\/product"}],"wp:featuredmedia":[{"embeddable":true,"href":"https:\/\/www.ocshop.ch\/it\/wp-json\/wp\/v2\/media\/14451"}],"wp:attachment":[{"href":"https:\/\/www.ocshop.ch\/it\/wp-json\/wp\/v2\/media?parent=14449"}],"wp:term":[{"taxonomy":"product_brand","embeddable":true,"href":"https:\/\/www.ocshop.ch\/it\/wp-json\/wp\/v2\/product_brand?post=14449"},{"taxonomy":"product_cat","embeddable":true,"href":"https:\/\/www.ocshop.ch\/it\/wp-json\/wp\/v2\/product_cat?post=14449"},{"taxonomy":"product_tag","embeddable":true,"href":"https:\/\/www.ocshop.ch\/it\/wp-json\/wp\/v2\/product_tag?post=14449"}],"curies":[{"name":"wp","href":"https:\/\/api.w.org\/{rel}","templated":true}]}}