{"id":13145,"date":"2024-06-27T15:18:00","date_gmt":"2024-06-27T13:18:00","guid":{"rendered":"https:\/\/www.ocshop.ch\/?post_type=product&#038;p=13145"},"modified":"2025-02-25T09:46:06","modified_gmt":"2025-02-25T07:46:06","slug":"mola-per-lucidare-lortica-montata-20-mm-kopie","status":"publish","type":"product","link":"https:\/\/www.ocshop.ch\/it\/produkt\/mola-per-lucidare-lortica-montata-20-mm-kopie\/","title":{"rendered":"Mola per lucidare la pelle, montata, 20 mm"},"content":{"rendered":"<div class=\"short-description\">Per il manipolo \u00d8 20 mm, per la rilucidatura.<br \/>\nRispettare la velocit\u00e0 massima di 10.000 giri al minuto!<\/div>\n<div class=\"additional-details\"><\/div>\n<div class=\"product-collateral\">\n<div class=\"product-specs-box\">\n<div class=\"specification-wrapper\"><span class=\"specification-name\">Diametro : <\/span><span class=\"specification-value\">20 mm <\/span> <\/div>\n<div class=\"specification-wrapper\"><span class=\"specification-name\">Velocit\u00e0 di rotazione massima : <\/span><span class=\"specification-value\">10.000<\/span><\/div>\n<\/p><\/div>\n<\/p><\/div>\n","protected":false},"excerpt":{"rendered":"<p>Per il manipolo \u00d8 20 mm, per la rilucidatura. Rispettare la velocit\u00e0 massima di 10.000 giri al minuto! Diametro : 20 mm Velocit\u00e0 di rotazione massima : 10.000<\/p>\n","protected":false},"featured_media":13148,"template":"","meta":[],"product_brand":[],"product_cat":[554],"product_tag":[],"class_list":{"0":"post-13145","1":"product","2":"type-product","3":"status-publish","4":"has-post-thumbnail","6":"product_cat-officina-e-stampaggio","7":"tm-no-options","9":"first","10":"instock","11":"taxable","12":"shipping-taxable","13":"product-type-simple"},"_links":{"self":[{"href":"https:\/\/www.ocshop.ch\/it\/wp-json\/wp\/v2\/product\/13145","targetHints":{"allow":["GET"]}}],"collection":[{"href":"https:\/\/www.ocshop.ch\/it\/wp-json\/wp\/v2\/product"}],"about":[{"href":"https:\/\/www.ocshop.ch\/it\/wp-json\/wp\/v2\/types\/product"}],"wp:featuredmedia":[{"embeddable":true,"href":"https:\/\/www.ocshop.ch\/it\/wp-json\/wp\/v2\/media\/13148"}],"wp:attachment":[{"href":"https:\/\/www.ocshop.ch\/it\/wp-json\/wp\/v2\/media?parent=13145"}],"wp:term":[{"taxonomy":"product_brand","embeddable":true,"href":"https:\/\/www.ocshop.ch\/it\/wp-json\/wp\/v2\/product_brand?post=13145"},{"taxonomy":"product_cat","embeddable":true,"href":"https:\/\/www.ocshop.ch\/it\/wp-json\/wp\/v2\/product_cat?post=13145"},{"taxonomy":"product_tag","embeddable":true,"href":"https:\/\/www.ocshop.ch\/it\/wp-json\/wp\/v2\/product_tag?post=13145"}],"curies":[{"name":"wp","href":"https:\/\/api.w.org\/{rel}","templated":true}]}}