{"id":12996,"date":"2024-10-24T21:10:26","date_gmt":"2024-10-24T19:10:26","guid":{"rendered":"https:\/\/www.ocshop.ch\/produkt\/dry-cap-uv-3-1\/"},"modified":"2025-01-07T14:31:39","modified_gmt":"2025-01-07T12:31:39","slug":"dry-cap-uv-3-1","status":"publish","type":"product","link":"https:\/\/www.ocshop.ch\/it\/produkt\/dry-cap-uv-3-1\/","title":{"rendered":"dry-cap uv 3.1"},"content":{"rendered":"\n<p>Il contenitore a secco ricaricabile per tutti gli apparecchi acustici. Il design intelligente del dry-cap uv 3.1\u00ae consente di asciugare e disinfettare perfettamente gli apparecchi acustici ricaricabili contemporaneamente al processo di ricarica. Indipendentemente dal design della stazione di ricarica degli apparecchi acustici, tutti si adattano al cofano.  <\/p>\n\n<h3 class=\"wp-block-heading\">Punti salienti<\/h3>\n\n<ul class=\"wp-block-list\">\n<li>Asciugatura perfetta e rapida grazie all&#8217;efficiente soffio d&#8217;aria<\/li>\n\n\n\n<li>Pulizia igienica con luce UV-C<\/li>\n\n\n\n<li>Ricaricabile tramite standard USB<\/li>\n\n\n\n<li>2 modalit\u00e0: modalit\u00e0 Clean &#8211; un efficiente programma di igiene a breve termine o modalit\u00e0 Dry&amp;Clean &#8211; che combina l&#8217;asciugatura rapida con la luce UV-C.<\/li>\n<\/ul>\n","protected":false},"excerpt":{"rendered":"<p>Il contenitore a secco ricaricabile per tutti gli apparecchi acustici. Il design intelligente del dry-cap uv 3.1\u00ae consente di asciugare e disinfettare perfettamente gli apparecchi acustici ricaricabili contemporaneamente al processo di ricarica. Indipendentemente dal design della stazione di ricarica degli apparecchi acustici, tutti si adattano al cofano. Punti salienti<\/p>\n","protected":false},"featured_media":12413,"template":"","meta":[],"product_brand":[],"product_cat":[562,554,560],"product_tag":[],"class_list":{"0":"post-12996","1":"product","2":"type-product","3":"status-publish","4":"has-post-thumbnail","6":"product_cat-accessori-per-auricolari","7":"product_cat-officina-e-stampaggio","8":"product_cat-pulizia-e-cura","9":"tm-no-options","11":"first","12":"instock","13":"taxable","14":"shipping-taxable","15":"product-type-simple"},"_links":{"self":[{"href":"https:\/\/www.ocshop.ch\/it\/wp-json\/wp\/v2\/product\/12996","targetHints":{"allow":["GET"]}}],"collection":[{"href":"https:\/\/www.ocshop.ch\/it\/wp-json\/wp\/v2\/product"}],"about":[{"href":"https:\/\/www.ocshop.ch\/it\/wp-json\/wp\/v2\/types\/product"}],"wp:featuredmedia":[{"embeddable":true,"href":"https:\/\/www.ocshop.ch\/it\/wp-json\/wp\/v2\/media\/12413"}],"wp:attachment":[{"href":"https:\/\/www.ocshop.ch\/it\/wp-json\/wp\/v2\/media?parent=12996"}],"wp:term":[{"taxonomy":"product_brand","embeddable":true,"href":"https:\/\/www.ocshop.ch\/it\/wp-json\/wp\/v2\/product_brand?post=12996"},{"taxonomy":"product_cat","embeddable":true,"href":"https:\/\/www.ocshop.ch\/it\/wp-json\/wp\/v2\/product_cat?post=12996"},{"taxonomy":"product_tag","embeddable":true,"href":"https:\/\/www.ocshop.ch\/it\/wp-json\/wp\/v2\/product_tag?post=12996"}],"curies":[{"name":"wp","href":"https:\/\/api.w.org\/{rel}","templated":true}]}}