{"id":12973,"date":"2024-11-10T22:57:30","date_gmt":"2024-11-10T20:57:30","guid":{"rendered":"https:\/\/www.ocshop.ch\/produkt\/fotocast\/"},"modified":"2025-01-07T14:29:35","modified_gmt":"2025-01-07T12:29:35","slug":"fotocast","status":"publish","type":"product","link":"https:\/\/www.ocshop.ch\/it\/produkt\/fotocast\/","title":{"rendered":"FotoCast\u00ae"},"content":{"rendered":"\n<p>rosso-trasparente, 1kg<\/p>\n\n<p>Per la produzione generativa di gusci fusi per la fabbricazione di auricolari morbidi e protezioni acustiche.<\/p>\n\n<h3 class=\"wp-block-heading\">Punti salienti<\/h3>\n\n<ul class=\"wp-block-list\">\n<li>Tempi di costruzione pi\u00f9 brevi grazie alle propriet\u00e0 meccaniche ottimizzate e alla viscosit\u00e0 speciale<\/li>\n\n\n\n<li>Basso sforzo di pulizia dopo la costruzione dei gusci fusi<\/li>\n\n\n\n<li>Semplice riempimento del guscio stampato e facile rimozione del materiale Biopor\u00ae AB dopo la polimerizzazione.<\/li>\n<\/ul>\n","protected":false},"excerpt":{"rendered":"<p>rosso-trasparente, 1kg Per la produzione generativa di gusci fusi per la fabbricazione di auricolari morbidi e protezioni acustiche. Punti salienti<\/p>\n","protected":false},"featured_media":12516,"template":"","meta":[],"product_brand":[],"product_cat":[554],"product_tag":[],"class_list":{"0":"post-12973","1":"product","2":"type-product","3":"status-publish","4":"has-post-thumbnail","6":"product_cat-officina-e-stampaggio","7":"tm-no-options","9":"first","10":"instock","11":"taxable","12":"shipping-taxable","13":"product-type-simple"},"_links":{"self":[{"href":"https:\/\/www.ocshop.ch\/it\/wp-json\/wp\/v2\/product\/12973","targetHints":{"allow":["GET"]}}],"collection":[{"href":"https:\/\/www.ocshop.ch\/it\/wp-json\/wp\/v2\/product"}],"about":[{"href":"https:\/\/www.ocshop.ch\/it\/wp-json\/wp\/v2\/types\/product"}],"wp:featuredmedia":[{"embeddable":true,"href":"https:\/\/www.ocshop.ch\/it\/wp-json\/wp\/v2\/media\/12516"}],"wp:attachment":[{"href":"https:\/\/www.ocshop.ch\/it\/wp-json\/wp\/v2\/media?parent=12973"}],"wp:term":[{"taxonomy":"product_brand","embeddable":true,"href":"https:\/\/www.ocshop.ch\/it\/wp-json\/wp\/v2\/product_brand?post=12973"},{"taxonomy":"product_cat","embeddable":true,"href":"https:\/\/www.ocshop.ch\/it\/wp-json\/wp\/v2\/product_cat?post=12973"},{"taxonomy":"product_tag","embeddable":true,"href":"https:\/\/www.ocshop.ch\/it\/wp-json\/wp\/v2\/product_tag?post=12973"}],"curies":[{"name":"wp","href":"https:\/\/api.w.org\/{rel}","templated":true}]}}