{"id":12964,"date":"2024-11-10T22:44:18","date_gmt":"2024-11-10T20:44:18","guid":{"rendered":"https:\/\/www.ocshop.ch\/produkt\/lacca-b-eco-20ml\/"},"modified":"2025-01-07T14:29:28","modified_gmt":"2025-01-07T12:29:28","slug":"lacca-b-eco-20ml","status":"publish","type":"product","link":"https:\/\/www.ocshop.ch\/it\/produkt\/lacca-b-eco-20ml\/","title":{"rendered":"Lacca B eco , 20ml"},"content":{"rendered":"\n<p>Le propriet\u00e0 della nuova lacca B eco che si indurisce con l&#8217;umidit\u00e0 corrispondono a quelle della collaudata lacca B.<\/p>\n\n<h3 class=\"wp-block-heading\">Punti salienti<\/h3>\n\n<p>&#8211; Formulazione ottimizzata:<br\/><br\/><br\/><br\/><br\/><br\/>Inodore e rimane fresco pi\u00f9 a lungo nel flacone &#8211; Non contiene toluene, quindi \u00e8 facile da usare &#8211; Superficie brillantemente lucida e trasparente &#8211; Polimerizza all&#8217;umidit\u00e0 &#8211; Per rivestire tutti gli auricolari in silicone Biopor\u00ae AB &#8211; Eccellente adesione &#8211; Rivestimento robusto e duraturo<\/p>\n","protected":false},"excerpt":{"rendered":"<p>Le propriet\u00e0 della nuova lacca B eco che si indurisce con l&#8217;umidit\u00e0 corrispondono a quelle della collaudata lacca B. Punti salienti &#8211; Formulazione ottimizzata: Inodore e rimane fresco pi\u00f9 a lungo nel flacone &#8211; Non contiene toluene, quindi \u00e8 facile da usare &#8211; Superficie brillantemente lucida e trasparente &#8211; Polimerizza all&#8217;umidit\u00e0 &#8211; Per rivestire tutti [&hellip;]<\/p>\n","protected":false},"featured_media":12504,"template":"","meta":[],"product_brand":[],"product_cat":[554],"product_tag":[],"class_list":{"0":"post-12964","1":"product","2":"type-product","3":"status-publish","4":"has-post-thumbnail","6":"product_cat-officina-e-stampaggio","7":"tm-no-options","9":"first","10":"instock","11":"taxable","12":"shipping-taxable","13":"product-type-simple"},"_links":{"self":[{"href":"https:\/\/www.ocshop.ch\/it\/wp-json\/wp\/v2\/product\/12964","targetHints":{"allow":["GET"]}}],"collection":[{"href":"https:\/\/www.ocshop.ch\/it\/wp-json\/wp\/v2\/product"}],"about":[{"href":"https:\/\/www.ocshop.ch\/it\/wp-json\/wp\/v2\/types\/product"}],"wp:featuredmedia":[{"embeddable":true,"href":"https:\/\/www.ocshop.ch\/it\/wp-json\/wp\/v2\/media\/12504"}],"wp:attachment":[{"href":"https:\/\/www.ocshop.ch\/it\/wp-json\/wp\/v2\/media?parent=12964"}],"wp:term":[{"taxonomy":"product_brand","embeddable":true,"href":"https:\/\/www.ocshop.ch\/it\/wp-json\/wp\/v2\/product_brand?post=12964"},{"taxonomy":"product_cat","embeddable":true,"href":"https:\/\/www.ocshop.ch\/it\/wp-json\/wp\/v2\/product_cat?post=12964"},{"taxonomy":"product_tag","embeddable":true,"href":"https:\/\/www.ocshop.ch\/it\/wp-json\/wp\/v2\/product_tag?post=12964"}],"curies":[{"name":"wp","href":"https:\/\/api.w.org\/{rel}","templated":true}]}}