{"id":12952,"date":"2024-12-30T02:01:17","date_gmt":"2024-12-30T00:01:17","guid":{"rendered":"https:\/\/www.ocshop.ch\/produkt\/oto-fresh-capsule-secche\/"},"modified":"2025-01-07T14:29:10","modified_gmt":"2025-01-07T12:29:10","slug":"oto-fresh-capsule-secche","status":"publish","type":"product","link":"https:\/\/www.ocshop.ch\/it\/produkt\/oto-fresh-capsule-secche\/","title":{"rendered":"oto-fresh\u00ae CAPSULE SECCHE"},"content":{"rendered":"\n<p>Proteggi i tuoi apparecchi acustici con le capsule oto-fresh\u00ae dry. Queste capsule appositamente sviluppate offrono una soluzione affidabile per proteggere gli apparecchi acustici e gli auricolari da umidit\u00e0, sudore e condensa durante la notte. L&#8217;uso delle capsule oto-fresh\u00ae dry contribuisce in modo significativo a prolungare la vita dei tuoi apparecchi acustici. Le capsule contengono un gel di silice altamente efficace che assorbe l&#8217;umidit\u00e0 in modo efficiente, garantendo un&#8217;asciugatura perfetta. Un indicatore integrato cambia colore da arancione a una tonalit\u00e0 pi\u00f9 chiara per indicare quando la capsula deve essere sostituita. Cos\u00ec puoi essere sempre sicuro che i tuoi apparecchi acustici siano protetti in modo ottimale. \u00c8 facile da usare: inserisci le capsule asciutte nei tuoi apparecchi acustici durante la notte. La protezione dall&#8217;umidit\u00e0 funziona mentre dormi. Ogni confezione contiene quattro capsule secche che assorbono efficacemente l&#8217;umidit\u00e0 per un periodo di tempo pi\u00f9 lungo. La confezione contiene 4 capsule.         <\/p>\n\n<div style=\"height:20px\" aria-hidden=\"true\" class=\"wp-block-spacer\"><\/div>\n\n<h2 class=\"wp-block-heading\" id=\"h-features\">Caratteristiche<\/h2>\n\n<p>Colore delle capsule: arancione<\/p>\n\n<p>Contenuto della confezione: 4 capsule secche (confezionate singolarmente) in una scatola di cartone fine.<\/p>\n\n<p>Per ordini all&#8217;ingrosso: Quantit\u00e0 per cartone: 24 confezioni<\/p>\n","protected":false},"excerpt":{"rendered":"<p>Proteggi i tuoi apparecchi acustici con le capsule oto-fresh\u00ae dry. Queste capsule appositamente sviluppate offrono una soluzione affidabile per proteggere gli apparecchi acustici e gli auricolari da umidit\u00e0, sudore e condensa durante la notte. L&#8217;uso delle capsule oto-fresh\u00ae dry contribuisce in modo significativo a prolungare la vita dei tuoi apparecchi acustici.  <\/p>\n","protected":false},"featured_media":12814,"template":"","meta":[],"product_brand":[],"product_cat":[562,560],"product_tag":[],"class_list":{"0":"post-12952","1":"product","2":"type-product","3":"status-publish","4":"has-post-thumbnail","6":"product_cat-accessori-per-auricolari","7":"product_cat-pulizia-e-cura","8":"tm-no-options","10":"first","11":"instock","12":"taxable","13":"shipping-taxable","14":"product-type-simple"},"_links":{"self":[{"href":"https:\/\/www.ocshop.ch\/it\/wp-json\/wp\/v2\/product\/12952","targetHints":{"allow":["GET"]}}],"collection":[{"href":"https:\/\/www.ocshop.ch\/it\/wp-json\/wp\/v2\/product"}],"about":[{"href":"https:\/\/www.ocshop.ch\/it\/wp-json\/wp\/v2\/types\/product"}],"wp:featuredmedia":[{"embeddable":true,"href":"https:\/\/www.ocshop.ch\/it\/wp-json\/wp\/v2\/media\/12814"}],"wp:attachment":[{"href":"https:\/\/www.ocshop.ch\/it\/wp-json\/wp\/v2\/media?parent=12952"}],"wp:term":[{"taxonomy":"product_brand","embeddable":true,"href":"https:\/\/www.ocshop.ch\/it\/wp-json\/wp\/v2\/product_brand?post=12952"},{"taxonomy":"product_cat","embeddable":true,"href":"https:\/\/www.ocshop.ch\/it\/wp-json\/wp\/v2\/product_cat?post=12952"},{"taxonomy":"product_tag","embeddable":true,"href":"https:\/\/www.ocshop.ch\/it\/wp-json\/wp\/v2\/product_tag?post=12952"}],"curies":[{"name":"wp","href":"https:\/\/api.w.org\/{rel}","templated":true}]}}