{"id":12922,"date":"2024-12-30T02:20:56","date_gmt":"2024-12-30T00:20:56","guid":{"rendered":"https:\/\/www.ocshop.ch\/produkt\/oto-fresh-pulitore-tubi\/"},"modified":"2025-01-07T14:23:49","modified_gmt":"2025-01-07T12:23:49","slug":"oto-fresh-pulitore-tubi","status":"publish","type":"product","link":"https:\/\/www.ocshop.ch\/it\/produkt\/oto-fresh-pulitore-tubi\/","title":{"rendered":"oto-fresh\u00ae PULITORE TUBI"},"content":{"rendered":"\n<h2 class=\"wp-block-heading\" id=\"h-details\">dettagli<\/h2>\n\n<p>Il detergente per tubi oto-fresh\u00ae \u00e8 stato sviluppato appositamente per ottimizzare la cura dell&#8217;apparecchio acustico Slimtube. Grazie alla sua semplicit\u00e0 d&#8217;uso &#8211; &#8220;infila, tira e il gioco \u00e8 fatto!&#8221;. &#8211; questo detergente per tubetti offre una soluzione rapida e semplice per garantire la longevit\u00e0 e la funzionalit\u00e0 del tuo apparecchio acustico. La confezione del dispenser con 100 pezzi \u00e8 inclusa nella confezione.  <\/p>\n\n<div style=\"height:20px\" aria-hidden=\"true\" class=\"wp-block-spacer\"><\/div>\n\n<h2 class=\"wp-block-heading\" id=\"h-features\">Caratteristiche<\/h2>\n\n<p>Colore: bianco<\/p>\n\n<p>Contenuto: 100 pezzi<\/p>\n\n<p>Lunghezza: 60 cm<\/p>\n\n<p>Lunghezza del filo di pulizia: 14 cm<\/p>\n\n<p>Per ordini all&#8217;ingrosso: Quantit\u00e0 per cartone esterno: 15 confezioni da 100 pezzi l&#8217;una<\/p>\n","protected":false},"excerpt":{"rendered":"<p>Il detergente per tubi oto-fresh\u00ae \u00e8 stato sviluppato appositamente per ottimizzare la cura dell&#8217;apparecchio acustico Slimtube. Grazie alla sua semplicit\u00e0 d&#8217;uso &#8211; &#8220;infila, tira e il gioco \u00e8 fatto!&#8221;. &#8211; questo pulitore per tubetti offre una soluzione rapida e semplice per garantire la longevit\u00e0 e la funzionalit\u00e0 del tuo apparecchio acustico. <\/p>\n","protected":false},"featured_media":12826,"template":"","meta":[],"product_brand":[],"product_cat":[562,554,560],"product_tag":[],"class_list":{"0":"post-12922","1":"product","2":"type-product","3":"status-publish","4":"has-post-thumbnail","6":"product_cat-accessori-per-auricolari","7":"product_cat-officina-e-stampaggio","8":"product_cat-pulizia-e-cura","9":"tm-no-options","11":"first","12":"instock","13":"taxable","14":"shipping-taxable","15":"product-type-simple"},"_links":{"self":[{"href":"https:\/\/www.ocshop.ch\/it\/wp-json\/wp\/v2\/product\/12922","targetHints":{"allow":["GET"]}}],"collection":[{"href":"https:\/\/www.ocshop.ch\/it\/wp-json\/wp\/v2\/product"}],"about":[{"href":"https:\/\/www.ocshop.ch\/it\/wp-json\/wp\/v2\/types\/product"}],"wp:featuredmedia":[{"embeddable":true,"href":"https:\/\/www.ocshop.ch\/it\/wp-json\/wp\/v2\/media\/12826"}],"wp:attachment":[{"href":"https:\/\/www.ocshop.ch\/it\/wp-json\/wp\/v2\/media?parent=12922"}],"wp:term":[{"taxonomy":"product_brand","embeddable":true,"href":"https:\/\/www.ocshop.ch\/it\/wp-json\/wp\/v2\/product_brand?post=12922"},{"taxonomy":"product_cat","embeddable":true,"href":"https:\/\/www.ocshop.ch\/it\/wp-json\/wp\/v2\/product_cat?post=12922"},{"taxonomy":"product_tag","embeddable":true,"href":"https:\/\/www.ocshop.ch\/it\/wp-json\/wp\/v2\/product_tag?post=12922"}],"curies":[{"name":"wp","href":"https:\/\/api.w.org\/{rel}","templated":true}]}}