{"id":12103,"date":"2024-08-18T19:11:13","date_gmt":"2024-08-18T17:11:13","guid":{"rendered":"https:\/\/www.ocshop.ch\/produkt\/dispositivo-di-illuminazione-eled-lp3\/"},"modified":"2024-08-18T19:11:13","modified_gmt":"2024-08-18T17:11:13","slug":"dispositivo-di-illuminazione-eled-lp3","status":"publish","type":"product","link":"https:\/\/www.ocshop.ch\/it\/produkt\/dispositivo-di-illuminazione-eled-lp3\/","title":{"rendered":"Dispositivo di illuminazione eLED.LP3"},"content":{"rendered":"","protected":false},"excerpt":{"rendered":"<p>&#8211; Tecnologia a LED ad alta efficienza, sviluppata per la polimerizzazione delicata delle materie plastiche fotopolimerizzabili, ad es. Vernice LP\/H e LP-W &#8211; pulsante di preselezione on\/off\/tempo sensibile al tocco, il tempo di esposizione pu\u00f2 essere preselezionato in base all&#8217;applicazione, dopodich\u00e9 il dispositivo si spegne automaticamente &#8211; tempi di polimerizzazione pi\u00f9 brevi e delicati contribuiscono a un flusso di lavoro efficiente e a risultati impeccabili durante i lavori di verniciatura, rivestimento, modifica o riparazione &#8211; esempi di applicazioni successive su stampi per cuffie BTE e ITE realizzati con polimeri fotopolimerizzanti o altri acrilati duri: &#8211; Smaltatura con lacche LP\/H, ad esempio per evitare irritazioni cutanee &#8211; Rivestimento antiscivolo con lacche LP\/W, ad esempio per migliorare la tenuta nell&#8217;orecchio &#8211; Riduzione\/chiusura dei fori di ventilazione &#8211; Fissaggio dei supporti con pasta modellante &#8211; Un totale di sei LED garantisce un&#8217;illuminazione affidabile e uniforme del campo di esposizione &#8211; Bassi costi operativi e di follow-up grazie al basso consumo energetico e alla sorgente luminosa di lunga durata (&gt;  20.000 h) &#8211; Robusto alloggiamento in metallo con verniciatura di alta qualit\u00e0, facile da pulire &#8211; L&#8217;alimentatore universale consente un utilizzo internazionale Dati tecnici: Tensione di ingresso: AC 100 &#8211; 240V Consumo di energia: 15W Tempi di esposizione: 3 volte Dimensioni del campo di esposizione: circa L 70 x L 110 mm Dimensioni: circa L 80 x L 160 x 95 mm Peso: 0,8 kg Numero di sorgenti luminose: 6 LED Distribuzione spettrale: 375-405 nm <span class=\"specification-name\">Lunghezza d&#8217;onda: <\/span><span class=\"specification-value\">375-405 nm<\/span><\/p>\n","protected":false},"featured_media":11507,"template":"","meta":[],"product_brand":[],"product_cat":[554],"product_tag":[],"class_list":{"0":"post-12103","1":"product","2":"type-product","3":"status-publish","4":"has-post-thumbnail","6":"product_cat-officina-e-stampaggio","7":"tm-no-options","9":"first","10":"instock","11":"taxable","12":"shipping-taxable","13":"product-type-simple"},"_links":{"self":[{"href":"https:\/\/www.ocshop.ch\/it\/wp-json\/wp\/v2\/product\/12103","targetHints":{"allow":["GET"]}}],"collection":[{"href":"https:\/\/www.ocshop.ch\/it\/wp-json\/wp\/v2\/product"}],"about":[{"href":"https:\/\/www.ocshop.ch\/it\/wp-json\/wp\/v2\/types\/product"}],"wp:featuredmedia":[{"embeddable":true,"href":"https:\/\/www.ocshop.ch\/it\/wp-json\/wp\/v2\/media\/11507"}],"wp:attachment":[{"href":"https:\/\/www.ocshop.ch\/it\/wp-json\/wp\/v2\/media?parent=12103"}],"wp:term":[{"taxonomy":"product_brand","embeddable":true,"href":"https:\/\/www.ocshop.ch\/it\/wp-json\/wp\/v2\/product_brand?post=12103"},{"taxonomy":"product_cat","embeddable":true,"href":"https:\/\/www.ocshop.ch\/it\/wp-json\/wp\/v2\/product_cat?post=12103"},{"taxonomy":"product_tag","embeddable":true,"href":"https:\/\/www.ocshop.ch\/it\/wp-json\/wp\/v2\/product_tag?post=12103"}],"curies":[{"name":"wp","href":"https:\/\/api.w.org\/{rel}","templated":true}]}}