{"id":11441,"date":"2011-03-17T11:05:16","date_gmt":"2011-03-17T09:05:16","guid":{"rendered":"https:\/\/www.ocshop.ch\/produkt\/composto-per-la-duplicazione-del-gel-350-gr\/"},"modified":"2011-03-17T11:05:16","modified_gmt":"2011-03-17T09:05:16","slug":"composto-per-la-duplicazione-del-gel-350-gr","status":"publish","type":"product","link":"https:\/\/www.ocshop.ch\/it\/produkt\/composto-per-la-duplicazione-del-gel-350-gr\/","title":{"rendered":"Composto per la duplicazione del gel, 350 gr."},"content":{"rendered":"<div class=\"variant-description\">Il composto per la duplicazione egger \u00e8 un materiale di provata efficacia per lo stampaggio di negativi a base di idrocolloide. Grazie alla sua trasparenza, \u00e8 particolarmente adatto alla tecnica della luce. Pu\u00f2 essere utilizzato anche per la lavorazione di polimeri acrilici e siliconi nel processo a freddo. Il materiale \u00e8 caratterizzato da una precisione di riproduzione molto elevata e pu\u00f2 essere utilizzato pi\u00f9 volte. Pronto all&#8217;uso per una lavorazione veloce, ad esempio nel microonde e per piccole quantit\u00e0.    <\/div>\n<div class=\"variant-name\">Composto per raddoppiare, 350 g<\/div>\n<div class=\"product-specs-box\">\n<div class=\"specification-wrapper\"><span class=\"specification-name\">Temperatura di lavorazione: <\/span><span class=\"specification-value\">45 &#8211; 47\u00b0 C <\/span> <\/div>\n<div class=\"specification-wrapper\"><span class=\"specification-name\">Temperatura di fusione: <\/span><span class=\"specification-value\">90\u00b0 C <\/span> <\/div>\n<div class=\"specification-wrapper\"><span class=\"specification-name\">Temperatura di conservazione: <\/span><span class=\"specification-value\">-30 &#8211; +40\u00b0C <\/span> <\/div>\n<div class=\"specification-wrapper\"><span class=\"specification-name\">Contenuto: <\/span><span class=\"specification-value\">Tazza da 350 g<\/span><\/div>\n<\/div>\n","protected":false},"excerpt":{"rendered":"<p>Il composto per la duplicazione egger \u00e8 un materiale di provata efficacia per lo stampaggio di negativi a base di idrocolloide. Grazie alla sua trasparenza, \u00e8 particolarmente adatto alla tecnica della luce. Pu\u00f2 essere utilizzato anche per la lavorazione di polimeri acrilici e siliconi nel processo a freddo. Il materiale \u00e8 caratterizzato da una precisione [&hellip;]<\/p>\n","protected":false},"featured_media":6784,"template":"","meta":[],"product_brand":[],"product_cat":[554],"product_tag":[],"class_list":{"0":"post-11441","1":"product","2":"type-product","3":"status-publish","4":"has-post-thumbnail","6":"product_cat-officina-e-stampaggio","7":"pa_einheit-lattina-da-350-g","8":"tm-no-options","10":"first","11":"instock","12":"taxable","13":"shipping-taxable","14":"product-type-simple"},"_links":{"self":[{"href":"https:\/\/www.ocshop.ch\/it\/wp-json\/wp\/v2\/product\/11441","targetHints":{"allow":["GET"]}}],"collection":[{"href":"https:\/\/www.ocshop.ch\/it\/wp-json\/wp\/v2\/product"}],"about":[{"href":"https:\/\/www.ocshop.ch\/it\/wp-json\/wp\/v2\/types\/product"}],"wp:featuredmedia":[{"embeddable":true,"href":"https:\/\/www.ocshop.ch\/it\/wp-json\/wp\/v2\/media\/6784"}],"wp:attachment":[{"href":"https:\/\/www.ocshop.ch\/it\/wp-json\/wp\/v2\/media?parent=11441"}],"wp:term":[{"taxonomy":"product_brand","embeddable":true,"href":"https:\/\/www.ocshop.ch\/it\/wp-json\/wp\/v2\/product_brand?post=11441"},{"taxonomy":"product_cat","embeddable":true,"href":"https:\/\/www.ocshop.ch\/it\/wp-json\/wp\/v2\/product_cat?post=11441"},{"taxonomy":"product_tag","embeddable":true,"href":"https:\/\/www.ocshop.ch\/it\/wp-json\/wp\/v2\/product_tag?post=11441"}],"curies":[{"name":"wp","href":"https:\/\/api.w.org\/{rel}","templated":true}]}}