{"id":11430,"date":"2011-03-17T11:06:15","date_gmt":"2011-03-17T09:06:15","guid":{"rendered":"https:\/\/www.ocshop.ch\/produkt\/mola-per-lucidare-lortica-montata-20-mm\/"},"modified":"2025-03-13T15:18:27","modified_gmt":"2025-03-13T13:18:27","slug":"mola-per-lucidare-lortica-montata-20-mm","status":"publish","type":"product","link":"https:\/\/www.ocshop.ch\/it\/produkt\/mola-per-lucidare-lortica-montata-20-mm\/","title":{"rendered":"Mola per lucidare l&#8217;ortica, montata, 20 mm"},"content":{"rendered":"<div class=\"short-description\">Per il manipolo \u00d8 20 mm, per la rilucidatura.<br \/>\nRispettare la velocit\u00e0 massima di 10.000 giri al minuto!<\/div>\n<div class=\"additional-details\"><\/div>\n<div class=\"product-collateral\">\n<div class=\"product-specs-box\">\n<div class=\"specification-wrapper\"><span class=\"specification-name\">Diametro : <\/span><span class=\"specification-value\">20 mm <\/span> <\/div>\n<div class=\"specification-wrapper\"><span class=\"specification-name\">Velocit\u00e0 di rotazione massima : <\/span><span class=\"specification-value\">10.000<\/span><\/div>\n<\/p><\/div>\n<\/p><\/div>\n","protected":false},"excerpt":{"rendered":"<p>Per il manipolo \u00d8 20 mm, per la rilucidatura. Rispettare la velocit\u00e0 massima di 10.000 giri al minuto! Diametro : 20 mm Velocit\u00e0 di rotazione massima : 10.000<\/p>\n","protected":false},"featured_media":9608,"template":"","meta":[],"product_brand":[],"product_cat":[554],"product_tag":[],"class_list":{"0":"post-11430","1":"product","2":"type-product","3":"status-publish","4":"has-post-thumbnail","6":"product_cat-officina-e-stampaggio","7":"tm-no-options","9":"first","10":"instock","11":"taxable","12":"shipping-taxable","13":"product-type-simple"},"_links":{"self":[{"href":"https:\/\/www.ocshop.ch\/it\/wp-json\/wp\/v2\/product\/11430","targetHints":{"allow":["GET"]}}],"collection":[{"href":"https:\/\/www.ocshop.ch\/it\/wp-json\/wp\/v2\/product"}],"about":[{"href":"https:\/\/www.ocshop.ch\/it\/wp-json\/wp\/v2\/types\/product"}],"wp:featuredmedia":[{"embeddable":true,"href":"https:\/\/www.ocshop.ch\/it\/wp-json\/wp\/v2\/media\/9608"}],"wp:attachment":[{"href":"https:\/\/www.ocshop.ch\/it\/wp-json\/wp\/v2\/media?parent=11430"}],"wp:term":[{"taxonomy":"product_brand","embeddable":true,"href":"https:\/\/www.ocshop.ch\/it\/wp-json\/wp\/v2\/product_brand?post=11430"},{"taxonomy":"product_cat","embeddable":true,"href":"https:\/\/www.ocshop.ch\/it\/wp-json\/wp\/v2\/product_cat?post=11430"},{"taxonomy":"product_tag","embeddable":true,"href":"https:\/\/www.ocshop.ch\/it\/wp-json\/wp\/v2\/product_tag?post=11430"}],"curies":[{"name":"wp","href":"https:\/\/api.w.org\/{rel}","templated":true}]}}