{"id":11393,"date":"2011-03-17T11:05:16","date_gmt":"2011-03-17T09:05:16","guid":{"rendered":"https:\/\/www.ocshop.ch\/produkt\/egger-gruppo-ottico-el-2-230v\/"},"modified":"2011-03-17T11:05:16","modified_gmt":"2011-03-17T09:05:16","slug":"egger-gruppo-ottico-el-2-230v","status":"publish","type":"product","link":"https:\/\/www.ocshop.ch\/it\/produkt\/egger-gruppo-ottico-el-2-230v\/","title":{"rendered":"egger gruppo ottico EL 2, 230v"},"content":{"rendered":"<div class=\"short-description\">\n<div class=\"short-description\">Il modo ideale per avviare la tua produzione! Unit\u00e0 di polimerizzazione leggera per la produzione di chiocciole BTE, protezioni acustiche, gusci ITE e per lavori di verniciatura. L&#8217;interno \u00e8 progettato per una capacit\u00e0 massima di 6 stampi BTE. Il timer integrato, preciso al secondo, e i tubi luminosi commutabili individualmente su due livelli ti permettono di impostare i tempi di polimerizzazione in modo personalizzato. Il dispositivo \u00e8 dotato di due tubi luminosi UVA e due tubi luminosi blu e l&#8217;alloggiamento \u00e8 realizzato in metallo di alta qualit\u00e0 verniciato a polvere.    <\/div>\n<div class=\"additional-details\"><\/div>\n<div class=\"product-collateral\">\n<div class=\"product-specs-box\">\n<div class=\"specification-wrapper\"><span class=\"specification-name\">Potenza: <\/span><span class=\"specification-value\">80 W <\/span> <\/div>\n<div class=\"specification-wrapper\"><span class=\"specification-name\">Dimensioni: <\/span><span class=\"specification-value\">280 x 240 x 120 mm <\/span> <\/div>\n<div class=\"specification-wrapper\"><span class=\"specification-name\">Peso: <\/span><span class=\"specification-value\">5,4 kg <\/span> <\/div>\n<div class=\"specification-wrapper\"><span class=\"specification-name\">Superficie di lavoro: <\/span><span class=\"specification-value\">160 x 110 mm<\/span><\/div>\n<\/div>\n<\/div>\n<\/div>\n","protected":false},"excerpt":{"rendered":"<p>Il modo ideale per avviare la tua produzione! Unit\u00e0 di polimerizzazione leggera per la produzione di chiocciole BTE, protezioni acustiche, gusci ITE e per lavori di verniciatura. L&#8217;interno \u00e8 progettato per una capacit\u00e0 massima di 6 stampi BTE. Il timer integrato, preciso al secondo, e i tubi luminosi commutabili individualmente su due livelli ti permettono [&hellip;]<\/p>\n","protected":false},"featured_media":6780,"template":"","meta":[],"product_brand":[],"product_cat":[554],"product_tag":[],"class_list":{"0":"post-11393","1":"product","2":"type-product","3":"status-publish","4":"has-post-thumbnail","6":"product_cat-officina-e-stampaggio","7":"tm-no-options","9":"first","10":"instock","11":"taxable","12":"shipping-taxable","13":"product-type-simple"},"_links":{"self":[{"href":"https:\/\/www.ocshop.ch\/it\/wp-json\/wp\/v2\/product\/11393","targetHints":{"allow":["GET"]}}],"collection":[{"href":"https:\/\/www.ocshop.ch\/it\/wp-json\/wp\/v2\/product"}],"about":[{"href":"https:\/\/www.ocshop.ch\/it\/wp-json\/wp\/v2\/types\/product"}],"wp:featuredmedia":[{"embeddable":true,"href":"https:\/\/www.ocshop.ch\/it\/wp-json\/wp\/v2\/media\/6780"}],"wp:attachment":[{"href":"https:\/\/www.ocshop.ch\/it\/wp-json\/wp\/v2\/media?parent=11393"}],"wp:term":[{"taxonomy":"product_brand","embeddable":true,"href":"https:\/\/www.ocshop.ch\/it\/wp-json\/wp\/v2\/product_brand?post=11393"},{"taxonomy":"product_cat","embeddable":true,"href":"https:\/\/www.ocshop.ch\/it\/wp-json\/wp\/v2\/product_cat?post=11393"},{"taxonomy":"product_tag","embeddable":true,"href":"https:\/\/www.ocshop.ch\/it\/wp-json\/wp\/v2\/product_tag?post=11393"}],"curies":[{"name":"wp","href":"https:\/\/api.w.org\/{rel}","templated":true}]}}