{"id":10740,"date":"2011-03-17T11:09:02","date_gmt":"2011-03-17T09:09:02","guid":{"rendered":"https:\/\/www.ocshop.ch\/produkt\/materiale-dimpronta-egger-a-soft-s-50-8-cartucce-doppie\/"},"modified":"2011-03-17T11:09:02","modified_gmt":"2011-03-17T09:09:02","slug":"materiale-dimpronta-egger-a-soft-s-50-8-cartucce-doppie","status":"publish","type":"product","link":"https:\/\/www.ocshop.ch\/it\/produkt\/materiale-dimpronta-egger-a-soft-s-50-8-cartucce-doppie\/","title":{"rendered":"Materiale d&#8217;impronta egger A\/soft S 50 (8 cartucce doppie)"},"content":{"rendered":"<div class=\"short-description\">Materiale da impronta in silicone in cartucce doppie S 50 con una fluidit\u00e0 particolarmente buona e un&#8217;elevata stabilit\u00e0 dopo lo stampaggio, non appiccicoso e liscio.<br \/>\nColore dei singoli componenti bianco e blu Unit\u00e0 di confezionamento: 8 cartucce doppie con 2 x 25 ml ciascuna Sufficiente per circa 40 impronte <\/div>\n<div class=\"additional-details\"><\/div>\n<div class=\"product-collateral\">\n<div class=\"product-specs-box\">\n<div class=\"specification-wrapper\"><span class=\"specification-name\">Viscosit\u00e0: <\/span><span class=\"specification-value\">50.000 mPa.s<\/span><\/div>\n<div class=\"specification-wrapper\"><span class=\"specification-name\">Durezza finale: <\/span><span class=\"specification-value\">35 shore A<\/span><\/div>\n<div class=\"specification-wrapper\"><span class=\"specification-name\">Temperatura di conservazione: <\/span><span class=\"specification-value\">15 &#8211; 25\u00b0C<\/span><\/div>\n<\/div>\n<\/div>\n","protected":false},"excerpt":{"rendered":"<p>Materiale da impronta in silicone in cartucce doppie S 50 con una fluidit\u00e0 particolarmente buona e un&#8217;elevata stabilit\u00e0 dopo lo stampaggio, non appiccicoso e liscio. Colore dei singoli componenti bianco e blu Unit\u00e0 di confezionamento: 8 cartucce doppie con 2 x 25 ml ciascuna Sufficiente per circa 40 impronte Viscosit\u00e0: 50.000 mPa.s Durezza finale: 35 [&hellip;]<\/p>\n","protected":false},"featured_media":7471,"template":"","meta":[],"product_brand":[],"product_cat":[554],"product_tag":[],"class_list":{"0":"post-10740","1":"product","2":"type-product","3":"status-publish","4":"has-post-thumbnail","6":"product_cat-officina-e-stampaggio","7":"tm-no-options","9":"first","10":"instock","11":"taxable","12":"shipping-taxable","13":"product-type-simple"},"_links":{"self":[{"href":"https:\/\/www.ocshop.ch\/it\/wp-json\/wp\/v2\/product\/10740","targetHints":{"allow":["GET"]}}],"collection":[{"href":"https:\/\/www.ocshop.ch\/it\/wp-json\/wp\/v2\/product"}],"about":[{"href":"https:\/\/www.ocshop.ch\/it\/wp-json\/wp\/v2\/types\/product"}],"wp:featuredmedia":[{"embeddable":true,"href":"https:\/\/www.ocshop.ch\/it\/wp-json\/wp\/v2\/media\/7471"}],"wp:attachment":[{"href":"https:\/\/www.ocshop.ch\/it\/wp-json\/wp\/v2\/media?parent=10740"}],"wp:term":[{"taxonomy":"product_brand","embeddable":true,"href":"https:\/\/www.ocshop.ch\/it\/wp-json\/wp\/v2\/product_brand?post=10740"},{"taxonomy":"product_cat","embeddable":true,"href":"https:\/\/www.ocshop.ch\/it\/wp-json\/wp\/v2\/product_cat?post=10740"},{"taxonomy":"product_tag","embeddable":true,"href":"https:\/\/www.ocshop.ch\/it\/wp-json\/wp\/v2\/product_tag?post=10740"}],"curies":[{"name":"wp","href":"https:\/\/api.w.org\/{rel}","templated":true}]}}