{"id":10717,"date":"2011-03-17T11:07:59","date_gmt":"2011-03-17T09:07:59","guid":{"rendered":"https:\/\/www.ocshop.ch\/produkt\/peltor-kid-verde-neon\/"},"modified":"2011-03-17T11:07:59","modified_gmt":"2011-03-17T09:07:59","slug":"peltor-kid-verde-neon","status":"publish","type":"product","link":"https:\/\/www.ocshop.ch\/it\/produkt\/peltor-kid-verde-neon\/","title":{"rendered":"Peltor Kid, verde neon"},"content":{"rendered":"<p class=\"mds-font_body sps2-pdp_description--benefit\">Una protezione dell&#8217;udito comoda ed efficace per i portatori pi\u00f9 giovani, a partire dai cinque anni di et\u00e0.<br \/>\nIl colore verde neon \u00e8 molto visibile e quindi aumenta la sicurezza. <\/p>\n<p class=\"mds-font_body sps2-pdp_description--benefit\">L&#8217;imbottitura morbida e ampia riduce la pressione e l&#8217;accumulo di calore e garantisce un maggiore comfort.<\/p>\n","protected":false},"excerpt":{"rendered":"<p>Una protezione dell&#8217;udito comoda ed efficace per i portatori pi\u00f9 giovani, a partire dai cinque anni di et\u00e0. Il colore verde neon \u00e8 molto visibile e quindi aumenta la sicurezza. L&#8217;imbottitura morbida e ampia riduce la pressione e l&#8217;accumulo di calore e garantisce un maggiore comfort.<\/p>\n","protected":false},"featured_media":7183,"template":"","meta":[],"product_brand":[],"product_cat":[503],"product_tag":[],"class_list":{"0":"post-10717","1":"product","2":"type-product","3":"status-publish","4":"has-post-thumbnail","6":"product_cat-protezione-delludito-universale","7":"tm-no-options","9":"first","10":"instock","11":"taxable","12":"shipping-taxable","13":"product-type-simple"},"_links":{"self":[{"href":"https:\/\/www.ocshop.ch\/it\/wp-json\/wp\/v2\/product\/10717","targetHints":{"allow":["GET"]}}],"collection":[{"href":"https:\/\/www.ocshop.ch\/it\/wp-json\/wp\/v2\/product"}],"about":[{"href":"https:\/\/www.ocshop.ch\/it\/wp-json\/wp\/v2\/types\/product"}],"wp:featuredmedia":[{"embeddable":true,"href":"https:\/\/www.ocshop.ch\/it\/wp-json\/wp\/v2\/media\/7183"}],"wp:attachment":[{"href":"https:\/\/www.ocshop.ch\/it\/wp-json\/wp\/v2\/media?parent=10717"}],"wp:term":[{"taxonomy":"product_brand","embeddable":true,"href":"https:\/\/www.ocshop.ch\/it\/wp-json\/wp\/v2\/product_brand?post=10717"},{"taxonomy":"product_cat","embeddable":true,"href":"https:\/\/www.ocshop.ch\/it\/wp-json\/wp\/v2\/product_cat?post=10717"},{"taxonomy":"product_tag","embeddable":true,"href":"https:\/\/www.ocshop.ch\/it\/wp-json\/wp\/v2\/product_tag?post=10717"}],"curies":[{"name":"wp","href":"https:\/\/api.w.org\/{rel}","templated":true}]}}