{"id":10667,"date":"2011-03-17T11:09:58","date_gmt":"2011-03-17T09:09:58","guid":{"rendered":"https:\/\/www.ocshop.ch\/produkt\/borsa-da-viaggio-cedis-nera\/"},"modified":"2011-03-17T11:09:58","modified_gmt":"2011-03-17T09:09:58","slug":"borsa-da-viaggio-cedis-nera","status":"publish","type":"product","link":"https:\/\/www.ocshop.ch\/it\/produkt\/borsa-da-viaggio-cedis-nera\/","title":{"rendered":"Borsa da viaggio Cedis, nera"},"content":{"rendered":"<p>Realizzata in materiale resistente e di alta qualit\u00e0, questa borsa \u00e8 dotata di una cerniera e di pratici scomparti per i singoli prodotti per l&#8217;igiene.<br \/>\nQuesta robusta borsa \u00e8 anche un pratico compagno di viaggio.<br \/>\nSaremo lieti di personalizzare il contenuto a tua scelta per ordini di almeno 100 pezzi.<br \/>\nPrezzo per la borsa da viaggio senza contenuto   <\/p>\n","protected":false},"excerpt":{"rendered":"<p>Realizzata in materiale resistente e di alta qualit\u00e0, questa borsa \u00e8 dotata di una cerniera e di pratici scomparti per i singoli prodotti per l&#8217;igiene. Questa robusta borsa \u00e8 anche un pratico compagno di viaggio. Saremo lieti di personalizzare il contenuto a tua scelta per ordini di almeno 100 pezzi. Prezzo per la borsa da [&hellip;]<\/p>\n","protected":false},"featured_media":7317,"template":"","meta":[],"product_brand":[],"product_cat":[560],"product_tag":[],"class_list":{"0":"post-10667","1":"product","2":"type-product","3":"status-publish","4":"has-post-thumbnail","6":"product_cat-pulizia-e-cura","7":"tm-no-options","9":"first","10":"instock","11":"taxable","12":"shipping-taxable","13":"product-type-simple"},"_links":{"self":[{"href":"https:\/\/www.ocshop.ch\/it\/wp-json\/wp\/v2\/product\/10667","targetHints":{"allow":["GET"]}}],"collection":[{"href":"https:\/\/www.ocshop.ch\/it\/wp-json\/wp\/v2\/product"}],"about":[{"href":"https:\/\/www.ocshop.ch\/it\/wp-json\/wp\/v2\/types\/product"}],"wp:featuredmedia":[{"embeddable":true,"href":"https:\/\/www.ocshop.ch\/it\/wp-json\/wp\/v2\/media\/7317"}],"wp:attachment":[{"href":"https:\/\/www.ocshop.ch\/it\/wp-json\/wp\/v2\/media?parent=10667"}],"wp:term":[{"taxonomy":"product_brand","embeddable":true,"href":"https:\/\/www.ocshop.ch\/it\/wp-json\/wp\/v2\/product_brand?post=10667"},{"taxonomy":"product_cat","embeddable":true,"href":"https:\/\/www.ocshop.ch\/it\/wp-json\/wp\/v2\/product_cat?post=10667"},{"taxonomy":"product_tag","embeddable":true,"href":"https:\/\/www.ocshop.ch\/it\/wp-json\/wp\/v2\/product_tag?post=10667"}],"curies":[{"name":"wp","href":"https:\/\/api.w.org\/{rel}","templated":true}]}}