{"id":10653,"date":"2024-03-15T23:07:55","date_gmt":"2024-03-15T21:07:55","guid":{"rendered":"https:\/\/www.ocshop.ch\/produkt\/supercolla-cyberbond-2028\/"},"modified":"2024-09-05T08:09:50","modified_gmt":"2024-09-05T06:09:50","slug":"supercolla-cyberbond-2028","status":"publish","type":"product","link":"https:\/\/www.ocshop.ch\/it\/produkt\/supercolla-cyberbond-2028\/","title":{"rendered":"Supercolla Cyberbond\u00ae 2028"},"content":{"rendered":"\n<p><strong>Cyberbond CB 2028<\/strong> \u00e8 un adesivo istantaneo incolore a base di etil-2-cianoacrilato.\nHa una viscosit\u00e0 media, \u00e8 a polimerizzazione rapida e resistente all&#8217;invecchiamento.   <\/p>\n\n<p>Questo adesivo istantaneo della serie elastomeri e plastica incolla particolarmente bene i seguenti materiali:  <\/p>\n\n<p>Gomma, in particolare ThermoTec e SysTherm, plastica<\/p>\n\n<p><\/p>\n\n<p>Questo adesivo cianoacrilico \u00e8 particolarmente adatto alle applicazioni manuali grazie alla sua media viscosit\u00e0.\nLa superficie deve essere pulita, asciutta e priva di grasso prima dell&#8217;incollaggio.\nIl primer Cyberbond CB 9056 \u00e8 ideale per questo scopo.\nL&#8217;indurimento \u00e8 accelerato dall&#8217;umidit\u00e0 dell&#8217;aria e pu\u00f2 essere accelerato dall&#8217;uso di un attivatore.     <\/p>\n\n<p><\/p>\n\n<p><strong>VANTAGGI DI CYBERBOND CB 2028<\/strong> <\/p>\n\n<p>ISO 10993-5 Biocompatibilit\u00e0  <\/p>\n\n<p>ISO 10993-10 Test per l&#8217;irritazione e l&#8217;ipersensibilit\u00e0 della pelle  <\/p>\n\n<p>ISO 10993-11 Test di tossicit\u00e0 sistemica  <\/p>\n\n<p>Approvazione NSF P1 (n. 153547) per l&#8217;uso in apparecchiature per la lavorazione degli alimenti  <\/p>\n\n<p>Polimerizzazione rapida  <\/p>\n\n<p>La media viscosit\u00e0 consente un facile dosaggio  <\/p>\n\n<p>Senza solventi  <\/p>\n\n<p>Ottima resistenza ai solventi: alcool, acidi acquosi deboli e alcali, isopropanolo.  <\/p>\n\n<p>Monocomponente &#8211; non \u00e8 necessario miscelare  <\/p>\n\n<p><\/p>\n\n<p>\n          <strong>DATI TECNICI  <\/strong>\n        <\/p>\n\n<p>Formato del contenitore: flacone da 20 g  <\/p>\n\n<p>Chimica.\nBase: Etil-2-cianoacrilato   <\/p>\n\n<p>Colore: incolore, trasparente  <\/p>\n\n<p>Viscosit\u00e0: media, 150 &#8211; 300 mPas (20 \u00b0C, 160 rpm)  <\/p>\n\n<p>Polimerizzazione: attraverso l&#8217;umidit\u00e0 dell&#8217;aria  <\/p>\n\n<p>Intervallo di temperatura: da -55 \u00b0C a 95 \u00b0C  <\/p>\n","protected":false},"excerpt":{"rendered":"<p>Cyberbond CB 2028 \u00e8 un adesivo istantaneo incolore a base di etil-2-cianoacrilato. Ha una viscosit\u00e0 media, \u00e8 a polimerizzazione rapida e resistente all&#8217;invecchiamento. Questo adesivo istantaneo della serie elastomeri e plastica incolla particolarmente bene i seguenti materiali: Gomma, in particolare ThermoTec e SysTherm, plastica Questo adesivo cianoacrilico \u00e8 particolarmente adatto alle applicazioni manuali grazie alla [&hellip;]<\/p>\n","protected":false},"featured_media":11627,"template":"","meta":[],"product_brand":[],"product_cat":[554],"product_tag":[],"class_list":{"0":"post-10653","1":"product","2":"type-product","3":"status-publish","4":"has-post-thumbnail","6":"product_cat-officina-e-stampaggio","7":"tm-no-options","9":"first","10":"instock","11":"taxable","12":"shipping-taxable","13":"product-type-simple"},"_links":{"self":[{"href":"https:\/\/www.ocshop.ch\/it\/wp-json\/wp\/v2\/product\/10653","targetHints":{"allow":["GET"]}}],"collection":[{"href":"https:\/\/www.ocshop.ch\/it\/wp-json\/wp\/v2\/product"}],"about":[{"href":"https:\/\/www.ocshop.ch\/it\/wp-json\/wp\/v2\/types\/product"}],"wp:featuredmedia":[{"embeddable":true,"href":"https:\/\/www.ocshop.ch\/it\/wp-json\/wp\/v2\/media\/11627"}],"wp:attachment":[{"href":"https:\/\/www.ocshop.ch\/it\/wp-json\/wp\/v2\/media?parent=10653"}],"wp:term":[{"taxonomy":"product_brand","embeddable":true,"href":"https:\/\/www.ocshop.ch\/it\/wp-json\/wp\/v2\/product_brand?post=10653"},{"taxonomy":"product_cat","embeddable":true,"href":"https:\/\/www.ocshop.ch\/it\/wp-json\/wp\/v2\/product_cat?post=10653"},{"taxonomy":"product_tag","embeddable":true,"href":"https:\/\/www.ocshop.ch\/it\/wp-json\/wp\/v2\/product_tag?post=10653"}],"curies":[{"name":"wp","href":"https:\/\/api.w.org\/{rel}","templated":true}]}}