{"id":10640,"date":"2011-03-17T11:11:21","date_gmt":"2011-03-17T09:11:21","guid":{"rendered":"https:\/\/www.ocshop.ch\/produkt\/vassoio-di-presentazione-nero\/"},"modified":"2011-03-17T11:11:21","modified_gmt":"2011-03-17T09:11:21","slug":"vassoio-di-presentazione-nero","status":"publish","type":"product","link":"https:\/\/www.ocshop.ch\/it\/produkt\/vassoio-di-presentazione-nero\/","title":{"rendered":"Vassoio di presentazione, nero"},"content":{"rendered":"<p>Gli apparecchi acustici di alta qualit\u00e0 meritano una presentazione professionale durante un consulto.<br \/>\nLa superficie \u00e8 realizzata in similpelle e rende il vassoio di presentazione di 27 x 17 cm facile da pulire.<br \/>\nLa decorazione non \u00e8 inclusa nella fornitura.  <\/p>\n","protected":false},"excerpt":{"rendered":"<p>Gli apparecchi acustici di alta qualit\u00e0 meritano una presentazione professionale durante un consulto. La superficie \u00e8 realizzata in similpelle e rende il vassoio di presentazione di 27 x 17 cm facile da pulire. La decorazione non \u00e8 inclusa nella fornitura.<\/p>\n","protected":false},"featured_media":7274,"template":"","meta":[],"product_brand":[],"product_cat":[566],"product_tag":[],"class_list":{"0":"post-10640","1":"product","2":"type-product","3":"status-publish","4":"has-post-thumbnail","6":"product_cat-aiuti-alle-vendite","7":"tm-no-options","9":"first","10":"instock","11":"taxable","12":"shipping-taxable","13":"product-type-simple"},"_links":{"self":[{"href":"https:\/\/www.ocshop.ch\/it\/wp-json\/wp\/v2\/product\/10640","targetHints":{"allow":["GET"]}}],"collection":[{"href":"https:\/\/www.ocshop.ch\/it\/wp-json\/wp\/v2\/product"}],"about":[{"href":"https:\/\/www.ocshop.ch\/it\/wp-json\/wp\/v2\/types\/product"}],"wp:featuredmedia":[{"embeddable":true,"href":"https:\/\/www.ocshop.ch\/it\/wp-json\/wp\/v2\/media\/7274"}],"wp:attachment":[{"href":"https:\/\/www.ocshop.ch\/it\/wp-json\/wp\/v2\/media?parent=10640"}],"wp:term":[{"taxonomy":"product_brand","embeddable":true,"href":"https:\/\/www.ocshop.ch\/it\/wp-json\/wp\/v2\/product_brand?post=10640"},{"taxonomy":"product_cat","embeddable":true,"href":"https:\/\/www.ocshop.ch\/it\/wp-json\/wp\/v2\/product_cat?post=10640"},{"taxonomy":"product_tag","embeddable":true,"href":"https:\/\/www.ocshop.ch\/it\/wp-json\/wp\/v2\/product_tag?post=10640"}],"curies":[{"name":"wp","href":"https:\/\/api.w.org\/{rel}","templated":true}]}}