{"id":10625,"date":"2024-05-20T15:58:31","date_gmt":"2024-05-20T13:58:31","guid":{"rendered":"https:\/\/www.ocshop.ch\/produkt\/egger-a-rapidpro-s-50-8-cartucce-doppie\/"},"modified":"2024-05-20T15:58:31","modified_gmt":"2024-05-20T13:58:31","slug":"egger-a-rapidpro-s-50-8-cartucce-doppie","status":"publish","type":"product","link":"https:\/\/www.ocshop.ch\/it\/produkt\/egger-a-rapidpro-s-50-8-cartucce-doppie\/","title":{"rendered":"egger A\/rapidPRO S 50 (8 cartucce doppie)"},"content":{"rendered":"<div class=\"short-description\">Materiale da impronta in silicone in cartucce doppie con un tempo di presa particolarmente breve, una buona fluidit\u00e0 e un&#8217;elevata stabilit\u00e0, privo di adesivit\u00e0 e liscio.<\/div>\n<div class=\"short-description\">  Colore dei singoli componenti: bianco e arancione.<\/div>\n<div><\/div>\n<div class=\"short-description\">Unit\u00e0 di imballaggio:<\/div>\n<div class=\"short-description\">8 cartucce doppie da 2 x 25 ml ciascuna Sufficienti per circa 40 impressioni<\/div>\n<div class=\"additional-details\"><\/div>\n<div class=\"product-collateral\">\n<div class=\"product-specs-box\">\n<div class=\"specification-wrapper\"><span class=\"specification-name\">Durezza finale: <\/span><span class=\"specification-value\">38 shore <\/span> <\/div>\n<div class=\"specification-wrapper\"><span class=\"specification-name\">Temperatura di conservazione: <\/span><span class=\"specification-value\">15 &#8211; 25\u00b0C<\/span><\/div>\n<\/div>\n<\/div>\n","protected":false},"excerpt":{"rendered":"<p>Materiale da impronta in silicone in cartucce doppie con un tempo di presa particolarmente breve, una buona fluidit\u00e0 e un&#8217;elevata stabilit\u00e0, privo di adesivit\u00e0 e liscio. Colore dei singoli componenti: bianco e arancione. Unit\u00e0 di imballaggio: 8 cartucce doppie da 2 x 25 ml ciascuna Sufficienti per circa 40 impressioni Durezza finale: 38 shore Temperatura [&hellip;]<\/p>\n","protected":false},"featured_media":9811,"template":"","meta":[],"product_brand":[],"product_cat":[554],"product_tag":[],"class_list":{"0":"post-10625","1":"product","2":"type-product","3":"status-publish","4":"has-post-thumbnail","6":"product_cat-officina-e-stampaggio","7":"tm-no-options","9":"first","10":"instock","11":"taxable","12":"shipping-taxable","13":"product-type-simple"},"_links":{"self":[{"href":"https:\/\/www.ocshop.ch\/it\/wp-json\/wp\/v2\/product\/10625","targetHints":{"allow":["GET"]}}],"collection":[{"href":"https:\/\/www.ocshop.ch\/it\/wp-json\/wp\/v2\/product"}],"about":[{"href":"https:\/\/www.ocshop.ch\/it\/wp-json\/wp\/v2\/types\/product"}],"wp:featuredmedia":[{"embeddable":true,"href":"https:\/\/www.ocshop.ch\/it\/wp-json\/wp\/v2\/media\/9811"}],"wp:attachment":[{"href":"https:\/\/www.ocshop.ch\/it\/wp-json\/wp\/v2\/media?parent=10625"}],"wp:term":[{"taxonomy":"product_brand","embeddable":true,"href":"https:\/\/www.ocshop.ch\/it\/wp-json\/wp\/v2\/product_brand?post=10625"},{"taxonomy":"product_cat","embeddable":true,"href":"https:\/\/www.ocshop.ch\/it\/wp-json\/wp\/v2\/product_cat?post=10625"},{"taxonomy":"product_tag","embeddable":true,"href":"https:\/\/www.ocshop.ch\/it\/wp-json\/wp\/v2\/product_tag?post=10625"}],"curies":[{"name":"wp","href":"https:\/\/api.w.org\/{rel}","templated":true}]}}