{"id":10613,"date":"2024-06-09T18:46:40","date_gmt":"2024-06-09T16:46:40","guid":{"rendered":"https:\/\/www.ocshop.ch\/produkt\/otoform-a-softx\/"},"modified":"2025-01-07T14:32:22","modified_gmt":"2025-01-07T12:32:22","slug":"otoform-a-softx","status":"publish","type":"product","link":"https:\/\/www.ocshop.ch\/it\/produkt\/otoform-a-softx\/","title":{"rendered":"Otoform\u00ae A softX"},"content":{"rendered":"\n<p>Silicone per impronte auricolari a polimerizzazione aggiuntiva con una consistenza simile a una pasta.\nOtoform\u00ae A softX \u00e8 particolarmente adatto per impronte auricolari profonde.\nLa fluidit\u00e0 semplificata riduce la forza necessaria per la modellazione e il materiale pu\u00f2 essere applicato in profondit\u00e0 nel condotto uditivo.\nNonostante la sua buona fluidit\u00e0, \u00e8 assolutamente tissotropico e fuoriesce dalla cartuccia solo quando viene pompato.   <\/p>\n","protected":false},"excerpt":{"rendered":"<p>Silicone per impronte auricolari a polimerizzazione aggiuntiva con una consistenza simile a una pasta. Otoform\u00ae A softX \u00e8 particolarmente adatto per impronte auricolari profonde. La fluidit\u00e0 semplificata riduce la forza necessaria per la modellazione e il materiale pu\u00f2 essere applicato in profondit\u00e0 nel condotto uditivo. Nonostante la sua buona fluidit\u00e0, \u00e8 assolutamente tissotropico e fuoriesce [&hellip;]<\/p>\n","protected":false},"featured_media":8395,"template":"","meta":[],"product_brand":[],"product_cat":[554],"product_tag":[],"class_list":{"0":"post-10613","1":"product","2":"type-product","3":"status-publish","4":"has-post-thumbnail","6":"product_cat-officina-e-stampaggio","7":"tm-no-options","9":"first","10":"instock","11":"taxable","12":"shipping-taxable","13":"product-type-simple"},"_links":{"self":[{"href":"https:\/\/www.ocshop.ch\/it\/wp-json\/wp\/v2\/product\/10613","targetHints":{"allow":["GET"]}}],"collection":[{"href":"https:\/\/www.ocshop.ch\/it\/wp-json\/wp\/v2\/product"}],"about":[{"href":"https:\/\/www.ocshop.ch\/it\/wp-json\/wp\/v2\/types\/product"}],"wp:featuredmedia":[{"embeddable":true,"href":"https:\/\/www.ocshop.ch\/it\/wp-json\/wp\/v2\/media\/8395"}],"wp:attachment":[{"href":"https:\/\/www.ocshop.ch\/it\/wp-json\/wp\/v2\/media?parent=10613"}],"wp:term":[{"taxonomy":"product_brand","embeddable":true,"href":"https:\/\/www.ocshop.ch\/it\/wp-json\/wp\/v2\/product_brand?post=10613"},{"taxonomy":"product_cat","embeddable":true,"href":"https:\/\/www.ocshop.ch\/it\/wp-json\/wp\/v2\/product_cat?post=10613"},{"taxonomy":"product_tag","embeddable":true,"href":"https:\/\/www.ocshop.ch\/it\/wp-json\/wp\/v2\/product_tag?post=10613"}],"curies":[{"name":"wp","href":"https:\/\/api.w.org\/{rel}","templated":true}]}}