{"id":9998,"date":"2011-03-17T11:08:46","date_gmt":"2011-03-17T09:08:46","guid":{"rendered":"https:\/\/shoptest.ocshop.ch\/produkt\/egger-seringue-de-prise-dempreinte-oe-5-mm\/"},"modified":"2011-03-17T11:08:46","modified_gmt":"2011-03-17T09:08:46","slug":"egger-seringue-de-prise-dempreinte-oe-5-mm","status":"publish","type":"product","link":"https:\/\/www.ocshop.ch\/fr\/produkt\/egger-seringue-de-prise-dempreinte-oe-5-mm\/","title":{"rendered":"egger Seringue de prise d&#8217;empreinte, \u00d8 5 mm"},"content":{"rendered":"<div class=\"variant-description\">Seringue d&#8217;empreinte \u00e0 double piston avec cylindre transparent pour une injection r\u00e9guli\u00e8re du mat\u00e9riel silicone, facile \u00e0 remplir. Le cylindre transparent permet de voir et de contr\u00f4ler le processus d&rsquo;injection.<\/div>\n<div class=\"variant-name\">egger Seringue (bleue) de prise d&#8217;empreinte pour grands conduits + mat\u00e9riels d&#8217;empreinte tr\u00e8s visqueux, diam\u00e8tre de la pointe: 5 mm<\/div>\n<div class=\"product-specs-box\">\n<div class=\"specification-wrapper\"><span class=\"specification-name\">Diam\u00e8tre :\u00a0<\/span><span class=\"specification-value\">5 mm<\/span><\/div>\n<\/div>\n","protected":false},"excerpt":{"rendered":"<p>Seringue d&#8217;empreinte \u00e0 double piston avec cylindre transparent pour une injection r\u00e9guli\u00e8re du mat\u00e9riel silicone, facile \u00e0 remplir. Le cylindre transparent permet de voir et de contr\u00f4ler le processus d&rsquo;injection. egger Seringue (bleue) de prise d&#8217;empreinte pour grands conduits + mat\u00e9riels d&#8217;empreinte tr\u00e8s visqueux, diam\u00e8tre de la pointe: 5 mm Diam\u00e8tre :\u00a05 mm<\/p>\n","protected":false},"featured_media":7148,"template":"","meta":[],"product_brand":[],"product_cat":[467],"product_tag":[],"class_list":{"0":"post-9998","1":"product","2":"type-product","3":"status-publish","4":"has-post-thumbnail","6":"product_cat-atelier-empreintes","7":"tm-no-options","9":"first","10":"instock","11":"taxable","12":"shipping-taxable","13":"product-type-simple"},"_links":{"self":[{"href":"https:\/\/www.ocshop.ch\/fr\/wp-json\/wp\/v2\/product\/9998","targetHints":{"allow":["GET"]}}],"collection":[{"href":"https:\/\/www.ocshop.ch\/fr\/wp-json\/wp\/v2\/product"}],"about":[{"href":"https:\/\/www.ocshop.ch\/fr\/wp-json\/wp\/v2\/types\/product"}],"wp:featuredmedia":[{"embeddable":true,"href":"https:\/\/www.ocshop.ch\/fr\/wp-json\/wp\/v2\/media\/7148"}],"wp:attachment":[{"href":"https:\/\/www.ocshop.ch\/fr\/wp-json\/wp\/v2\/media?parent=9998"}],"wp:term":[{"taxonomy":"product_brand","embeddable":true,"href":"https:\/\/www.ocshop.ch\/fr\/wp-json\/wp\/v2\/product_brand?post=9998"},{"taxonomy":"product_cat","embeddable":true,"href":"https:\/\/www.ocshop.ch\/fr\/wp-json\/wp\/v2\/product_cat?post=9998"},{"taxonomy":"product_tag","embeddable":true,"href":"https:\/\/www.ocshop.ch\/fr\/wp-json\/wp\/v2\/product_tag?post=9998"}],"curies":[{"name":"wp","href":"https:\/\/api.w.org\/{rel}","templated":true}]}}