{"id":9992,"date":"2011-03-17T11:08:50","date_gmt":"2011-03-17T09:08:50","guid":{"rendered":"https:\/\/shoptest.ocshop.ch\/produkt\/egger-seringue-de-prise-dempreinte-version-courte-oe-4-mm\/"},"modified":"2011-03-17T11:08:50","modified_gmt":"2011-03-17T09:08:50","slug":"egger-seringue-de-prise-dempreinte-version-courte-oe-4-mm","status":"publish","type":"product","link":"https:\/\/www.ocshop.ch\/fr\/produkt\/egger-seringue-de-prise-dempreinte-version-courte-oe-4-mm\/","title":{"rendered":"egger Seringue de prise d&#8217;empreinte, version courte, \u00d8 4 mm"},"content":{"rendered":"<div class=\"variant-name\">egger seringue de prise d&#8217;empreinte version courte, appropri\u00e9e parfaitement pour les petites mains, diam\u00e8tre de la pointe 4 mm<\/div>\n<div class=\"product-specs-box\">\n<div class=\"specification-wrapper\"><span class=\"specification-name\">Diam\u00e8tre :\u00a0<\/span><span class=\"specification-value\">4 mm<\/span><\/div>\n<\/div>\n","protected":false},"excerpt":{"rendered":"<p>egger seringue de prise d&#8217;empreinte version courte, appropri\u00e9e parfaitement pour les petites mains, diam\u00e8tre de la pointe 4 mm Diam\u00e8tre :\u00a04 mm<\/p>\n","protected":false},"featured_media":7174,"template":"","meta":[],"product_brand":[],"product_cat":[467],"product_tag":[],"class_list":{"0":"post-9992","1":"product","2":"type-product","3":"status-publish","4":"has-post-thumbnail","6":"product_cat-atelier-empreintes","7":"tm-no-options","9":"first","10":"instock","11":"taxable","12":"shipping-taxable","13":"product-type-simple"},"_links":{"self":[{"href":"https:\/\/www.ocshop.ch\/fr\/wp-json\/wp\/v2\/product\/9992","targetHints":{"allow":["GET"]}}],"collection":[{"href":"https:\/\/www.ocshop.ch\/fr\/wp-json\/wp\/v2\/product"}],"about":[{"href":"https:\/\/www.ocshop.ch\/fr\/wp-json\/wp\/v2\/types\/product"}],"wp:featuredmedia":[{"embeddable":true,"href":"https:\/\/www.ocshop.ch\/fr\/wp-json\/wp\/v2\/media\/7174"}],"wp:attachment":[{"href":"https:\/\/www.ocshop.ch\/fr\/wp-json\/wp\/v2\/media?parent=9992"}],"wp:term":[{"taxonomy":"product_brand","embeddable":true,"href":"https:\/\/www.ocshop.ch\/fr\/wp-json\/wp\/v2\/product_brand?post=9992"},{"taxonomy":"product_cat","embeddable":true,"href":"https:\/\/www.ocshop.ch\/fr\/wp-json\/wp\/v2\/product_cat?post=9992"},{"taxonomy":"product_tag","embeddable":true,"href":"https:\/\/www.ocshop.ch\/fr\/wp-json\/wp\/v2\/product_tag?post=9992"}],"curies":[{"name":"wp","href":"https:\/\/api.w.org\/{rel}","templated":true}]}}