{"id":9991,"date":"2011-03-17T11:08:58","date_gmt":"2011-03-17T09:08:58","guid":{"rendered":"https:\/\/shoptest.ocshop.ch\/produkt\/canules-melangeuses-standard-100-pieces\/"},"modified":"2024-07-19T15:16:00","modified_gmt":"2024-07-19T13:16:00","slug":"canules-melangeuses-standard-100-pieces","status":"publish","type":"product","link":"https:\/\/www.ocshop.ch\/fr\/produkt\/canules-melangeuses-standard-100-pieces\/","title":{"rendered":"Canules m\u00e9langeuses, standard, 100 pi\u00e8ces"},"content":{"rendered":"<div class=\"variant-description\">Pour les doubles cartouches DM ou pour tous les m\u00e9langeurs de silicone avec t\u00eate de dosage standard (par ex. ESG 1, DM). Embouts destin\u00e9s \u00e0 m\u00e9langer de fa\u00e7on efficace les mat\u00e9riaux silicones.<\/div>\n<div class=\"variant-name\">Embouts m\u00e9langeurs DM, 100 pi\u00e8ces<\/div>\n<div class=\"product-specs-box\">\n<div class=\"specification-wrapper\"><span class=\"specification-name\">Diam\u00e8tre :\u00a0<\/span><span class=\"specification-value\">6,75 mm<\/span><\/div>\n<div class=\"specification-wrapper\"><span class=\"specification-name\">Quantit\u00e9 :\u00a0<\/span><span class=\"specification-value\">100 pi\u00e8ces<\/span><\/div>\n<\/div>\n","protected":false},"excerpt":{"rendered":"<p>Pour les doubles cartouches DM ou pour tous les m\u00e9langeurs de silicone avec t\u00eate de dosage standard (par ex. ESG 1, DM). Embouts destin\u00e9s \u00e0 m\u00e9langer de fa\u00e7on efficace les mat\u00e9riaux silicones. Embouts m\u00e9langeurs DM, 100 pi\u00e8ces Diam\u00e8tre :\u00a06,75 mm Quantit\u00e9 :\u00a0100 pi\u00e8ces<\/p>\n","protected":false},"featured_media":7750,"template":"","meta":[],"product_brand":[],"product_cat":[467],"product_tag":[],"class_list":{"0":"post-9991","1":"product","2":"type-product","3":"status-publish","4":"has-post-thumbnail","6":"product_cat-atelier-empreintes","7":"tm-no-options","9":"first","10":"instock","11":"taxable","12":"shipping-taxable","13":"product-type-simple"},"_links":{"self":[{"href":"https:\/\/www.ocshop.ch\/fr\/wp-json\/wp\/v2\/product\/9991","targetHints":{"allow":["GET"]}}],"collection":[{"href":"https:\/\/www.ocshop.ch\/fr\/wp-json\/wp\/v2\/product"}],"about":[{"href":"https:\/\/www.ocshop.ch\/fr\/wp-json\/wp\/v2\/types\/product"}],"wp:featuredmedia":[{"embeddable":true,"href":"https:\/\/www.ocshop.ch\/fr\/wp-json\/wp\/v2\/media\/7750"}],"wp:attachment":[{"href":"https:\/\/www.ocshop.ch\/fr\/wp-json\/wp\/v2\/media?parent=9991"}],"wp:term":[{"taxonomy":"product_brand","embeddable":true,"href":"https:\/\/www.ocshop.ch\/fr\/wp-json\/wp\/v2\/product_brand?post=9991"},{"taxonomy":"product_cat","embeddable":true,"href":"https:\/\/www.ocshop.ch\/fr\/wp-json\/wp\/v2\/product_cat?post=9991"},{"taxonomy":"product_tag","embeddable":true,"href":"https:\/\/www.ocshop.ch\/fr\/wp-json\/wp\/v2\/product_tag?post=9991"}],"curies":[{"name":"wp","href":"https:\/\/api.w.org\/{rel}","templated":true}]}}