{"id":9990,"date":"2011-03-17T11:09:08","date_gmt":"2011-03-17T09:09:08","guid":{"rendered":"https:\/\/shoptest.ocshop.ch\/produkt\/canules-melangeuses-s-50-jaune-57-mm\/"},"modified":"2011-03-17T11:09:08","modified_gmt":"2011-03-17T09:09:08","slug":"canules-melangeuses-s-50-jaune-57-mm","status":"publish","type":"product","link":"https:\/\/www.ocshop.ch\/fr\/produkt\/canules-melangeuses-s-50-jaune-57-mm\/","title":{"rendered":"Canules m\u00e9langeuses S 50, jaune, 5,7 mm"},"content":{"rendered":"<p>Embouts m\u00e9langeurs pour les doubles cartouches S 50. Embouts destin\u00e9s \u00e0 m\u00e9langer de fa\u00e7on efficace les mat\u00e9riaux silicones egger A\/soft, egger A\/ITE, egger A\/rapidPRO et egger A\/rapidSWITCH. Embouts tr\u00e8s courts, \u00e9conomie de mat\u00e9riau.<\/p>\n<p>Embouts m\u00e9langeurs S 50, jaune<\/p>\n<p>&nbsp;<\/p>\n","protected":false},"excerpt":{"rendered":"<p>Embouts m\u00e9langeurs pour les doubles cartouches S 50. Embouts destin\u00e9s \u00e0 m\u00e9langer de fa\u00e7on efficace les mat\u00e9riaux silicones egger A\/soft, egger A\/ITE, egger A\/rapidPRO et egger A\/rapidSWITCH. Embouts tr\u00e8s courts, \u00e9conomie de mat\u00e9riau. Embouts m\u00e9langeurs S 50, jaune &nbsp;<\/p>\n","protected":false},"featured_media":7755,"template":"","meta":[],"product_brand":[],"product_cat":[467],"product_tag":[],"class_list":{"0":"post-9990","1":"product","2":"type-product","3":"status-publish","4":"has-post-thumbnail","6":"product_cat-atelier-empreintes","7":"pa_einheit-paquet-de-100-pieces","8":"pa_einheit-paquet-de-40-pieces","9":"tm-no-options","11":"first","12":"instock","13":"taxable","14":"shipping-taxable","15":"product-type-variable"},"_links":{"self":[{"href":"https:\/\/www.ocshop.ch\/fr\/wp-json\/wp\/v2\/product\/9990","targetHints":{"allow":["GET"]}}],"collection":[{"href":"https:\/\/www.ocshop.ch\/fr\/wp-json\/wp\/v2\/product"}],"about":[{"href":"https:\/\/www.ocshop.ch\/fr\/wp-json\/wp\/v2\/types\/product"}],"wp:featuredmedia":[{"embeddable":true,"href":"https:\/\/www.ocshop.ch\/fr\/wp-json\/wp\/v2\/media\/7755"}],"wp:attachment":[{"href":"https:\/\/www.ocshop.ch\/fr\/wp-json\/wp\/v2\/media?parent=9990"}],"wp:term":[{"taxonomy":"product_brand","embeddable":true,"href":"https:\/\/www.ocshop.ch\/fr\/wp-json\/wp\/v2\/product_brand?post=9990"},{"taxonomy":"product_cat","embeddable":true,"href":"https:\/\/www.ocshop.ch\/fr\/wp-json\/wp\/v2\/product_cat?post=9990"},{"taxonomy":"product_tag","embeddable":true,"href":"https:\/\/www.ocshop.ch\/fr\/wp-json\/wp\/v2\/product_tag?post=9990"}],"curies":[{"name":"wp","href":"https:\/\/api.w.org\/{rel}","templated":true}]}}