{"id":9989,"date":"2011-03-17T11:09:08","date_gmt":"2011-03-17T09:09:08","guid":{"rendered":"https:\/\/shoptest.ocshop.ch\/produkt\/kavo-k-5-plus-commande-au-pied-230-v\/"},"modified":"2011-03-17T11:09:08","modified_gmt":"2011-03-17T09:09:08","slug":"kavo-k-5-plus-commande-au-pied-230-v","status":"publish","type":"product","link":"https:\/\/www.ocshop.ch\/fr\/produkt\/kavo-k-5-plus-commande-au-pied-230-v\/","title":{"rendered":"KaVo K 5 plus, commande au pied, 230 V"},"content":{"rendered":"<div class=\"short-description\">Mod\u00e8le modifi\u00e9 succ\u00e9dant \u00e0 la machine K 5. Pi\u00e8ce \u00e0 main courte et tr\u00e8s l\u00e9g\u00e8re avec forme d&rsquo;adaptation ergonomique pour un travail confortable et sans fatigue, avec moteur puissant sans balais, changement facile du roulement \u00e0 billes et de la pince de serrage, syst\u00e8me de roulement \u00e0 billes avant prot\u00e9g\u00e9 contre la p\u00e9n\u00e9tration de poussi\u00e8re.<br \/>\nContenu : module complet avec pi\u00e8ce \u00e0 main moteur et support de pi\u00e8ce \u00e0 main, vitesse de rotation pr\u00e9s\u00e9lectionnable 1.000 &#8211; 35.000 tours\/min, pince de serrage \u00d8 2,35 mm<\/div>\n<div class=\"additional-details\"><\/div>\n<div class=\"product-collateral\">\n<div class=\"product-specs-box\">\n<div class=\"specification-wrapper\"><span class=\"specification-name\">Longeur de la pi\u00e8ce \u00e0 main :\u00a0<\/span><span class=\"specification-value\">149 mm<\/span><\/div>\n<div class=\"specification-wrapper\"><span class=\"specification-name\">Moteur :\u00a0<\/span><span class=\"specification-value\">kollektorloser DC-Motor<\/span><\/div>\n<div class=\"specification-wrapper\"><span class=\"specification-name\">Poids de la pi\u00e8ce \u00e0 main :\u00a0<\/span><span class=\"specification-value\">220 g<\/span><\/div>\n<div class=\"specification-wrapper\"><span class=\"specification-name\">Couple de rotation maximum :\u00a0<\/span><span class=\"specification-value\">4,5 Ncm<\/span><\/div>\n<\/div>\n<\/div>\n","protected":false},"excerpt":{"rendered":"<p>Mod\u00e8le modifi\u00e9 succ\u00e9dant \u00e0 la machine K 5. Pi\u00e8ce \u00e0 main courte et tr\u00e8s l\u00e9g\u00e8re avec forme d&rsquo;adaptation ergonomique pour un travail confortable et sans fatigue, avec moteur puissant sans balais, changement facile du roulement \u00e0 billes et de la pince de serrage, syst\u00e8me de roulement \u00e0 billes avant prot\u00e9g\u00e9 contre la p\u00e9n\u00e9tration de poussi\u00e8re. [&hellip;]<\/p>\n","protected":false},"featured_media":1992,"template":"","meta":[],"product_brand":[],"product_cat":[467],"product_tag":[],"class_list":{"0":"post-9989","1":"product","2":"type-product","3":"status-publish","4":"has-post-thumbnail","6":"product_cat-atelier-empreintes","7":"tm-no-options","9":"first","10":"instock","11":"taxable","12":"shipping-taxable","13":"product-type-simple"},"_links":{"self":[{"href":"https:\/\/www.ocshop.ch\/fr\/wp-json\/wp\/v2\/product\/9989","targetHints":{"allow":["GET"]}}],"collection":[{"href":"https:\/\/www.ocshop.ch\/fr\/wp-json\/wp\/v2\/product"}],"about":[{"href":"https:\/\/www.ocshop.ch\/fr\/wp-json\/wp\/v2\/types\/product"}],"wp:featuredmedia":[{"embeddable":true,"href":"https:\/\/www.ocshop.ch\/fr\/wp-json\/wp\/v2\/media\/1992"}],"wp:attachment":[{"href":"https:\/\/www.ocshop.ch\/fr\/wp-json\/wp\/v2\/media?parent=9989"}],"wp:term":[{"taxonomy":"product_brand","embeddable":true,"href":"https:\/\/www.ocshop.ch\/fr\/wp-json\/wp\/v2\/product_brand?post=9989"},{"taxonomy":"product_cat","embeddable":true,"href":"https:\/\/www.ocshop.ch\/fr\/wp-json\/wp\/v2\/product_cat?post=9989"},{"taxonomy":"product_tag","embeddable":true,"href":"https:\/\/www.ocshop.ch\/fr\/wp-json\/wp\/v2\/product_tag?post=9989"}],"curies":[{"name":"wp","href":"https:\/\/api.w.org\/{rel}","templated":true}]}}