{"id":9985,"date":"2011-03-17T11:09:42","date_gmt":"2011-03-17T09:09:42","guid":{"rendered":"https:\/\/shoptest.ocshop.ch\/produkt\/speculum-reutilisable-diametre-3mm\/"},"modified":"2011-03-17T11:09:42","modified_gmt":"2011-03-17T09:09:42","slug":"speculum-reutilisable-diametre-3mm","status":"publish","type":"product","link":"https:\/\/www.ocshop.ch\/fr\/produkt\/speculum-reutilisable-diametre-3mm\/","title":{"rendered":"Sp\u00e9culum r\u00e9utilisable, diam\u00e8tre 3mm"},"content":{"rendered":"<p>Pour les otoscopes Heine (mini 2000 et 3000), KaWe (Piccolight\u00ae C et Piccolight\u00ae F.O. LED) et Luxamed (LuxaScope Auris)<\/p>\n","protected":false},"excerpt":{"rendered":"<p>Pour les otoscopes Heine (mini 2000 et 3000), KaWe (Piccolight\u00ae C et Piccolight\u00ae F.O. LED) et Luxamed (LuxaScope Auris)<\/p>\n","protected":false},"featured_media":9702,"template":"","meta":[],"product_brand":[],"product_cat":[467],"product_tag":[],"class_list":{"0":"post-9985","1":"product","2":"type-product","3":"status-publish","4":"has-post-thumbnail","6":"product_cat-atelier-empreintes","7":"tm-no-options","9":"first","10":"instock","11":"taxable","12":"shipping-taxable","13":"product-type-simple"},"_links":{"self":[{"href":"https:\/\/www.ocshop.ch\/fr\/wp-json\/wp\/v2\/product\/9985","targetHints":{"allow":["GET"]}}],"collection":[{"href":"https:\/\/www.ocshop.ch\/fr\/wp-json\/wp\/v2\/product"}],"about":[{"href":"https:\/\/www.ocshop.ch\/fr\/wp-json\/wp\/v2\/types\/product"}],"wp:featuredmedia":[{"embeddable":true,"href":"https:\/\/www.ocshop.ch\/fr\/wp-json\/wp\/v2\/media\/9702"}],"wp:attachment":[{"href":"https:\/\/www.ocshop.ch\/fr\/wp-json\/wp\/v2\/media?parent=9985"}],"wp:term":[{"taxonomy":"product_brand","embeddable":true,"href":"https:\/\/www.ocshop.ch\/fr\/wp-json\/wp\/v2\/product_brand?post=9985"},{"taxonomy":"product_cat","embeddable":true,"href":"https:\/\/www.ocshop.ch\/fr\/wp-json\/wp\/v2\/product_cat?post=9985"},{"taxonomy":"product_tag","embeddable":true,"href":"https:\/\/www.ocshop.ch\/fr\/wp-json\/wp\/v2\/product_tag?post=9985"}],"curies":[{"name":"wp","href":"https:\/\/api.w.org\/{rel}","templated":true}]}}