{"id":9981,"date":"2011-03-17T11:10:00","date_gmt":"2011-03-17T09:10:00","guid":{"rendered":"https:\/\/shoptest.ocshop.ch\/produkt\/cedis-airpower-spray\/"},"modified":"2011-03-17T11:10:00","modified_gmt":"2011-03-17T09:10:00","slug":"cedis-airpower-spray","status":"publish","type":"product","link":"https:\/\/www.ocshop.ch\/fr\/produkt\/cedis-airpower-spray\/","title":{"rendered":"Cedis AirPower, Spray"},"content":{"rendered":"<p>L&rsquo;alternative confortable \u00e0 la poire soufflante.<br \/>\nSpray \u00e0 air comprim\u00e9 pour le s\u00e9chage des tuyaux acoustiques et \u00e9vents. Facile \u00e0 utiliser gr\u00e2ce \u00e0 son embout conique<\/p>\n","protected":false},"excerpt":{"rendered":"<p>L&rsquo;alternative confortable \u00e0 la poire soufflante. Spray \u00e0 air comprim\u00e9 pour le s\u00e9chage des tuyaux acoustiques et \u00e9vents. Facile \u00e0 utiliser gr\u00e2ce \u00e0 son embout conique<\/p>\n","protected":false},"featured_media":9843,"template":"","meta":[],"product_brand":[],"product_cat":[491],"product_tag":[],"class_list":{"0":"post-9981","1":"product","2":"type-product","3":"status-publish","4":"has-post-thumbnail","6":"product_cat-nettoyage-et-entretien","7":"tm-no-options","9":"first","10":"instock","11":"taxable","12":"shipping-taxable","13":"product-type-variable"},"_links":{"self":[{"href":"https:\/\/www.ocshop.ch\/fr\/wp-json\/wp\/v2\/product\/9981","targetHints":{"allow":["GET"]}}],"collection":[{"href":"https:\/\/www.ocshop.ch\/fr\/wp-json\/wp\/v2\/product"}],"about":[{"href":"https:\/\/www.ocshop.ch\/fr\/wp-json\/wp\/v2\/types\/product"}],"wp:featuredmedia":[{"embeddable":true,"href":"https:\/\/www.ocshop.ch\/fr\/wp-json\/wp\/v2\/media\/9843"}],"wp:attachment":[{"href":"https:\/\/www.ocshop.ch\/fr\/wp-json\/wp\/v2\/media?parent=9981"}],"wp:term":[{"taxonomy":"product_brand","embeddable":true,"href":"https:\/\/www.ocshop.ch\/fr\/wp-json\/wp\/v2\/product_brand?post=9981"},{"taxonomy":"product_cat","embeddable":true,"href":"https:\/\/www.ocshop.ch\/fr\/wp-json\/wp\/v2\/product_cat?post=9981"},{"taxonomy":"product_tag","embeddable":true,"href":"https:\/\/www.ocshop.ch\/fr\/wp-json\/wp\/v2\/product_tag?post=9981"}],"curies":[{"name":"wp","href":"https:\/\/api.w.org\/{rel}","templated":true}]}}