{"id":9979,"date":"2011-03-17T11:10:05","date_gmt":"2011-03-17T09:10:05","guid":{"rendered":"https:\/\/shoptest.ocshop.ch\/produkt\/cedis-fil-dhygiene-mini-et3-7-boite-distributrice-de-100-fils\/"},"modified":"2011-03-17T11:10:05","modified_gmt":"2011-03-17T09:10:05","slug":"cedis-fil-dhygiene-mini-et3-7-boite-distributrice-de-100-fils","status":"publish","type":"product","link":"https:\/\/www.ocshop.ch\/fr\/produkt\/cedis-fil-dhygiene-mini-et3-7-boite-distributrice-de-100-fils\/","title":{"rendered":"cedis Fil d&rsquo;hygi\u00e8ne mini eT3.7 (bo\u00eete distributrice de 100 fils)"},"content":{"rendered":"<p>Fils de nettoyage sp\u00e9ciaux pour les tubes acoustiques de diam\u00e8tre int\u00e9rieur &lt;= 0,9 mm.<\/p>\n<p>Id\u00e9al pour les apareillages ouverts.<\/p>\n","protected":false},"excerpt":{"rendered":"<p>Fils de nettoyage sp\u00e9ciaux pour les tubes acoustiques de diam\u00e8tre int\u00e9rieur &lt;= 0,9 mm. Id\u00e9al pour les apareillages ouverts.<\/p>\n","protected":false},"featured_media":7077,"template":"","meta":[],"product_brand":[],"product_cat":[491],"product_tag":[],"class_list":{"0":"post-9979","1":"product","2":"type-product","3":"status-publish","4":"has-post-thumbnail","6":"product_cat-nettoyage-et-entretien","7":"tm-no-options","9":"first","10":"instock","11":"taxable","12":"shipping-taxable","13":"product-type-simple"},"_links":{"self":[{"href":"https:\/\/www.ocshop.ch\/fr\/wp-json\/wp\/v2\/product\/9979","targetHints":{"allow":["GET"]}}],"collection":[{"href":"https:\/\/www.ocshop.ch\/fr\/wp-json\/wp\/v2\/product"}],"about":[{"href":"https:\/\/www.ocshop.ch\/fr\/wp-json\/wp\/v2\/types\/product"}],"wp:featuredmedia":[{"embeddable":true,"href":"https:\/\/www.ocshop.ch\/fr\/wp-json\/wp\/v2\/media\/7077"}],"wp:attachment":[{"href":"https:\/\/www.ocshop.ch\/fr\/wp-json\/wp\/v2\/media?parent=9979"}],"wp:term":[{"taxonomy":"product_brand","embeddable":true,"href":"https:\/\/www.ocshop.ch\/fr\/wp-json\/wp\/v2\/product_brand?post=9979"},{"taxonomy":"product_cat","embeddable":true,"href":"https:\/\/www.ocshop.ch\/fr\/wp-json\/wp\/v2\/product_cat?post=9979"},{"taxonomy":"product_tag","embeddable":true,"href":"https:\/\/www.ocshop.ch\/fr\/wp-json\/wp\/v2\/product_tag?post=9979"}],"curies":[{"name":"wp","href":"https:\/\/api.w.org\/{rel}","templated":true}]}}