{"id":9975,"date":"2011-03-17T11:10:10","date_gmt":"2011-03-17T09:10:10","guid":{"rendered":"https:\/\/shoptest.ocshop.ch\/produkt\/cedis-profi-cleaner-spray-avec-pompe-pulverisateur-a-main-1-litre\/"},"modified":"2011-03-17T11:10:10","modified_gmt":"2011-03-17T09:10:10","slug":"cedis-profi-cleaner-spray-avec-pompe-pulverisateur-a-main-1-litre","status":"publish","type":"product","link":"https:\/\/www.ocshop.ch\/fr\/produkt\/cedis-profi-cleaner-spray-avec-pompe-pulverisateur-a-main-1-litre\/","title":{"rendered":"cedis Profi Cleaner Spray avec pompe pulv\u00e9risateur \u00e0 main, 1 litre"},"content":{"rendered":"<p>Produit pr\u00eat \u00e0 l&#8217;emploi pour le nettoyage et la d\u00e9sinfection (bact\u00e9ricide, fongicide et h\u00e9patovirucide) des appareils auditifs et des embouts &#8211; dans sa bouteille pratique d&rsquo; 1 litre avec pompe pulv\u00e9risatrice, sans gaz propulseur.<\/p>\n<p>&nbsp;<\/p>\n<p><span class=\"specification-name\">Temp\u00e9rature de stockage : <\/span><span class=\"specification-value\">0 &#8211; 35\u00b0C<\/span><\/p>\n","protected":false},"excerpt":{"rendered":"<p>Produit pr\u00eat \u00e0 l&#8217;emploi pour le nettoyage et la d\u00e9sinfection (bact\u00e9ricide, fongicide et h\u00e9patovirucide) des appareils auditifs et des embouts &#8211; dans sa bouteille pratique d&rsquo; 1 litre avec pompe pulv\u00e9risatrice, sans gaz propulseur. &nbsp; Temp\u00e9rature de stockage : 0 &#8211; 35\u00b0C<\/p>\n","protected":false},"featured_media":7053,"template":"","meta":[],"product_brand":[],"product_cat":[467,491],"product_tag":[],"class_list":{"0":"post-9975","1":"product","2":"type-product","3":"status-publish","4":"has-post-thumbnail","6":"product_cat-atelier-empreintes","7":"product_cat-nettoyage-et-entretien","8":"tm-no-options","10":"first","11":"instock","12":"taxable","13":"shipping-taxable","14":"product-type-simple"},"_links":{"self":[{"href":"https:\/\/www.ocshop.ch\/fr\/wp-json\/wp\/v2\/product\/9975","targetHints":{"allow":["GET"]}}],"collection":[{"href":"https:\/\/www.ocshop.ch\/fr\/wp-json\/wp\/v2\/product"}],"about":[{"href":"https:\/\/www.ocshop.ch\/fr\/wp-json\/wp\/v2\/types\/product"}],"wp:featuredmedia":[{"embeddable":true,"href":"https:\/\/www.ocshop.ch\/fr\/wp-json\/wp\/v2\/media\/7053"}],"wp:attachment":[{"href":"https:\/\/www.ocshop.ch\/fr\/wp-json\/wp\/v2\/media?parent=9975"}],"wp:term":[{"taxonomy":"product_brand","embeddable":true,"href":"https:\/\/www.ocshop.ch\/fr\/wp-json\/wp\/v2\/product_brand?post=9975"},{"taxonomy":"product_cat","embeddable":true,"href":"https:\/\/www.ocshop.ch\/fr\/wp-json\/wp\/v2\/product_cat?post=9975"},{"taxonomy":"product_tag","embeddable":true,"href":"https:\/\/www.ocshop.ch\/fr\/wp-json\/wp\/v2\/product_tag?post=9975"}],"curies":[{"name":"wp","href":"https:\/\/api.w.org\/{rel}","templated":true}]}}