{"id":9974,"date":"2011-03-17T11:10:02","date_gmt":"2011-03-17T09:10:02","guid":{"rendered":"https:\/\/shoptest.ocshop.ch\/produkt\/cedis-lingettes-de-desinfection-individuelles-ec2-3-25-pieces\/"},"modified":"2011-03-17T11:10:02","modified_gmt":"2011-03-17T09:10:02","slug":"cedis-lingettes-de-desinfection-individuelles-ec2-3-25-pieces","status":"publish","type":"product","link":"https:\/\/www.ocshop.ch\/fr\/produkt\/cedis-lingettes-de-desinfection-individuelles-ec2-3-25-pieces\/","title":{"rendered":"cedis Lingettes de d\u00e9sinfection individuelles eC2.3 &#8211; 25 pi\u00e8ces"},"content":{"rendered":"<p>Pour le nettoyage et d\u00e9sinfection rapide et efficace (bact\u00e9ricide, fongicide et h\u00e9patovirucide) des syst\u00e8mes auditifs et embouts.<\/p>\n<p>25 lingettes individuelles, \u00e0 l&rsquo;unit\u00e9.<\/p>\n","protected":false},"excerpt":{"rendered":"<p>Pour le nettoyage et d\u00e9sinfection rapide et efficace (bact\u00e9ricide, fongicide et h\u00e9patovirucide) des syst\u00e8mes auditifs et embouts. 25 lingettes individuelles, \u00e0 l&rsquo;unit\u00e9.<\/p>\n","protected":false},"featured_media":7049,"template":"","meta":[],"product_brand":[],"product_cat":[491],"product_tag":[],"class_list":{"0":"post-9974","1":"product","2":"type-product","3":"status-publish","4":"has-post-thumbnail","6":"product_cat-nettoyage-et-entretien","7":"tm-no-options","9":"first","10":"instock","11":"taxable","12":"shipping-taxable","13":"product-type-simple"},"_links":{"self":[{"href":"https:\/\/www.ocshop.ch\/fr\/wp-json\/wp\/v2\/product\/9974","targetHints":{"allow":["GET"]}}],"collection":[{"href":"https:\/\/www.ocshop.ch\/fr\/wp-json\/wp\/v2\/product"}],"about":[{"href":"https:\/\/www.ocshop.ch\/fr\/wp-json\/wp\/v2\/types\/product"}],"wp:featuredmedia":[{"embeddable":true,"href":"https:\/\/www.ocshop.ch\/fr\/wp-json\/wp\/v2\/media\/7049"}],"wp:attachment":[{"href":"https:\/\/www.ocshop.ch\/fr\/wp-json\/wp\/v2\/media?parent=9974"}],"wp:term":[{"taxonomy":"product_brand","embeddable":true,"href":"https:\/\/www.ocshop.ch\/fr\/wp-json\/wp\/v2\/product_brand?post=9974"},{"taxonomy":"product_cat","embeddable":true,"href":"https:\/\/www.ocshop.ch\/fr\/wp-json\/wp\/v2\/product_cat?post=9974"},{"taxonomy":"product_tag","embeddable":true,"href":"https:\/\/www.ocshop.ch\/fr\/wp-json\/wp\/v2\/product_tag?post=9974"}],"curies":[{"name":"wp","href":"https:\/\/api.w.org\/{rel}","templated":true}]}}