{"id":9973,"date":"2011-03-17T11:10:02","date_gmt":"2011-03-17T09:10:02","guid":{"rendered":"https:\/\/shoptest.ocshop.ch\/produkt\/carton-avec-1-000-cedis-lingettes-de-desinfection-ec2-emballees-individuellement\/"},"modified":"2011-03-17T11:10:02","modified_gmt":"2011-03-17T09:10:02","slug":"carton-avec-1-000-cedis-lingettes-de-desinfection-ec2-emballees-individuellement","status":"publish","type":"product","link":"https:\/\/www.ocshop.ch\/fr\/produkt\/carton-avec-1-000-cedis-lingettes-de-desinfection-ec2-emballees-individuellement\/","title":{"rendered":"Carton avec 1.000 cedis lingettes de d\u00e9sinfection eC2 emball\u00e9es individuellement"},"content":{"rendered":"<div class=\"short-description\">Pour le nettoyage et d\u00e9sinfection rapide et efficace (bact\u00e9ricide, fongicide et h\u00e9patovirucide) des syst\u00e8mes auditifs et embouts.<\/p>\n<p>Id\u00e9al comme cadeau client ou publicit\u00e9 !<\/p><\/div>\n<div class=\"additional-details\"><\/div>\n<div class=\"product-collateral\">\n<div class=\"product-specs-box\">\n<div class=\"specification-wrapper\"><span class=\"specification-name\">*\u00a0<\/span><span class=\"specification-value\">pas de remise possible<\/span><\/div>\n<\/div>\n<\/div>\n","protected":false},"excerpt":{"rendered":"<p>Pour le nettoyage et d\u00e9sinfection rapide et efficace (bact\u00e9ricide, fongicide et h\u00e9patovirucide) des syst\u00e8mes auditifs et embouts. Id\u00e9al comme cadeau client ou publicit\u00e9 ! *\u00a0pas de remise possible<\/p>\n","protected":false},"featured_media":7045,"template":"","meta":[],"product_brand":[],"product_cat":[491],"product_tag":[],"class_list":{"0":"post-9973","1":"product","2":"type-product","3":"status-publish","4":"has-post-thumbnail","6":"product_cat-nettoyage-et-entretien","7":"tm-no-options","9":"first","10":"instock","11":"taxable","12":"shipping-taxable","13":"product-type-simple"},"_links":{"self":[{"href":"https:\/\/www.ocshop.ch\/fr\/wp-json\/wp\/v2\/product\/9973","targetHints":{"allow":["GET"]}}],"collection":[{"href":"https:\/\/www.ocshop.ch\/fr\/wp-json\/wp\/v2\/product"}],"about":[{"href":"https:\/\/www.ocshop.ch\/fr\/wp-json\/wp\/v2\/types\/product"}],"wp:featuredmedia":[{"embeddable":true,"href":"https:\/\/www.ocshop.ch\/fr\/wp-json\/wp\/v2\/media\/7045"}],"wp:attachment":[{"href":"https:\/\/www.ocshop.ch\/fr\/wp-json\/wp\/v2\/media?parent=9973"}],"wp:term":[{"taxonomy":"product_brand","embeddable":true,"href":"https:\/\/www.ocshop.ch\/fr\/wp-json\/wp\/v2\/product_brand?post=9973"},{"taxonomy":"product_cat","embeddable":true,"href":"https:\/\/www.ocshop.ch\/fr\/wp-json\/wp\/v2\/product_cat?post=9973"},{"taxonomy":"product_tag","embeddable":true,"href":"https:\/\/www.ocshop.ch\/fr\/wp-json\/wp\/v2\/product_tag?post=9973"}],"curies":[{"name":"wp","href":"https:\/\/api.w.org\/{rel}","templated":true}]}}