{"id":9972,"date":"2011-03-17T11:10:12","date_gmt":"2011-03-17T09:10:12","guid":{"rendered":"https:\/\/shoptest.ocshop.ch\/produkt\/cedis-lingettes-de-desinfection-ec2-5-25-lingettes-humides\/"},"modified":"2011-03-17T11:10:12","modified_gmt":"2011-03-17T09:10:12","slug":"cedis-lingettes-de-desinfection-ec2-5-25-lingettes-humides","status":"publish","type":"product","link":"https:\/\/www.ocshop.ch\/fr\/produkt\/cedis-lingettes-de-desinfection-ec2-5-25-lingettes-humides\/","title":{"rendered":"cedis Lingettes de d\u00e9sinfection eC2.5, 25 lingettes humides"},"content":{"rendered":"<p>Pour le nettoyage et d\u00e9sinfection rapide et efficace (bact\u00e9ricide, fongicide et h\u00e9patovirucide) des syst\u00e8mes auditifs et embouts.<\/p>\n<p>Lingettes emball\u00e9es dans une petite bo\u00eete en plastique &#8211; en format de poche.<\/p>\n","protected":false},"excerpt":{"rendered":"<p>Pour le nettoyage et d\u00e9sinfection rapide et efficace (bact\u00e9ricide, fongicide et h\u00e9patovirucide) des syst\u00e8mes auditifs et embouts. Lingettes emball\u00e9es dans une petite bo\u00eete en plastique &#8211; en format de poche.<\/p>\n","protected":false},"featured_media":7011,"template":"","meta":[],"product_brand":[],"product_cat":[467,491],"product_tag":[],"class_list":{"0":"post-9972","1":"product","2":"type-product","3":"status-publish","4":"has-post-thumbnail","6":"product_cat-atelier-empreintes","7":"product_cat-nettoyage-et-entretien","8":"tm-no-options","10":"first","11":"instock","12":"taxable","13":"shipping-taxable","14":"product-type-simple"},"_links":{"self":[{"href":"https:\/\/www.ocshop.ch\/fr\/wp-json\/wp\/v2\/product\/9972","targetHints":{"allow":["GET"]}}],"collection":[{"href":"https:\/\/www.ocshop.ch\/fr\/wp-json\/wp\/v2\/product"}],"about":[{"href":"https:\/\/www.ocshop.ch\/fr\/wp-json\/wp\/v2\/types\/product"}],"wp:featuredmedia":[{"embeddable":true,"href":"https:\/\/www.ocshop.ch\/fr\/wp-json\/wp\/v2\/media\/7011"}],"wp:attachment":[{"href":"https:\/\/www.ocshop.ch\/fr\/wp-json\/wp\/v2\/media?parent=9972"}],"wp:term":[{"taxonomy":"product_brand","embeddable":true,"href":"https:\/\/www.ocshop.ch\/fr\/wp-json\/wp\/v2\/product_brand?post=9972"},{"taxonomy":"product_cat","embeddable":true,"href":"https:\/\/www.ocshop.ch\/fr\/wp-json\/wp\/v2\/product_cat?post=9972"},{"taxonomy":"product_tag","embeddable":true,"href":"https:\/\/www.ocshop.ch\/fr\/wp-json\/wp\/v2\/product_tag?post=9972"}],"curies":[{"name":"wp","href":"https:\/\/api.w.org\/{rel}","templated":true}]}}