{"id":9971,"date":"2011-03-17T11:10:15","date_gmt":"2011-03-17T09:10:15","guid":{"rendered":"https:\/\/shoptest.ocshop.ch\/produkt\/cedis-sachet-de-sechage-ed2-14-140x98-mm\/"},"modified":"2011-03-17T11:10:15","modified_gmt":"2011-03-17T09:10:15","slug":"cedis-sachet-de-sechage-ed2-14-140x98-mm","status":"publish","type":"product","link":"https:\/\/www.ocshop.ch\/fr\/produkt\/cedis-sachet-de-sechage-ed2-14-140x98-mm\/","title":{"rendered":"cedis Sachet de s\u00e9chage eD2.14 (140&#215;98 mm)"},"content":{"rendered":"<p>L&rsquo;alternative pratique au gobelet de s\u00e9chage, par exemple en voyage ! Sachet de s\u00e9chage pliable avec fermeture velcro. \u00c0 utiliser avec la capsule d\u00e9shydratante eD2.3.<\/p>\n","protected":false},"excerpt":{"rendered":"<p>L&rsquo;alternative pratique au gobelet de s\u00e9chage, par exemple en voyage ! Sachet de s\u00e9chage pliable avec fermeture velcro. \u00c0 utiliser avec la capsule d\u00e9shydratante eD2.3.<\/p>\n","protected":false},"featured_media":6972,"template":"","meta":[],"product_brand":[],"product_cat":[491],"product_tag":[],"class_list":{"0":"post-9971","1":"product","2":"type-product","3":"status-publish","4":"has-post-thumbnail","6":"product_cat-nettoyage-et-entretien","7":"tm-no-options","9":"first","10":"instock","11":"taxable","12":"shipping-taxable","13":"product-type-simple"},"_links":{"self":[{"href":"https:\/\/www.ocshop.ch\/fr\/wp-json\/wp\/v2\/product\/9971","targetHints":{"allow":["GET"]}}],"collection":[{"href":"https:\/\/www.ocshop.ch\/fr\/wp-json\/wp\/v2\/product"}],"about":[{"href":"https:\/\/www.ocshop.ch\/fr\/wp-json\/wp\/v2\/types\/product"}],"wp:featuredmedia":[{"embeddable":true,"href":"https:\/\/www.ocshop.ch\/fr\/wp-json\/wp\/v2\/media\/6972"}],"wp:attachment":[{"href":"https:\/\/www.ocshop.ch\/fr\/wp-json\/wp\/v2\/media?parent=9971"}],"wp:term":[{"taxonomy":"product_brand","embeddable":true,"href":"https:\/\/www.ocshop.ch\/fr\/wp-json\/wp\/v2\/product_brand?post=9971"},{"taxonomy":"product_cat","embeddable":true,"href":"https:\/\/www.ocshop.ch\/fr\/wp-json\/wp\/v2\/product_cat?post=9971"},{"taxonomy":"product_tag","embeddable":true,"href":"https:\/\/www.ocshop.ch\/fr\/wp-json\/wp\/v2\/product_tag?post=9971"}],"curies":[{"name":"wp","href":"https:\/\/api.w.org\/{rel}","templated":true}]}}