{"id":9970,"date":"2011-03-17T11:11:23","date_gmt":"2011-03-17T09:11:23","guid":{"rendered":"https:\/\/shoptest.ocshop.ch\/produkt\/cedis-profi-ultraactiv-bouteille-de-500-ml-avec-bouchon-doseur\/"},"modified":"2024-09-05T08:12:22","modified_gmt":"2024-09-05T06:12:22","slug":"cedis-profi-ultraactiv-bouteille-de-500-ml-avec-bouchon-doseur","status":"publish","type":"product","link":"https:\/\/www.ocshop.ch\/fr\/produkt\/cedis-profi-ultraactiv-bouteille-de-500-ml-avec-bouchon-doseur\/","title":{"rendered":"cedis Profi UltraActiv, bouteille de 500 ml avec bouchon doseur"},"content":{"rendered":"\n<p>Concentr\u00e9 pour la d\u00e9sinfection et le nettoyage des otoplastiques et des instruments.\nSans ph\u00e9nol ni ald\u00e9hyde, efficace contre les bact\u00e9ries, les champignons, les virus HBV et HIV.\nEnti\u00e8rement efficace avec un temps de contact d&rsquo;une minute et une solution \u00e0 7,5%.  <\/p>\n","protected":false},"excerpt":{"rendered":"<p>Concentr\u00e9 pour la d\u00e9sinfection et le nettoyage des otoplastiques et des instruments. Sans ph\u00e9nol ni ald\u00e9hyde, efficace contre les bact\u00e9ries, les champignons, les virus HBV et HIV. Enti\u00e8rement efficace avec un temps de contact d&rsquo;une minute et une solution \u00e0 7,5%.<\/p>\n","protected":false},"featured_media":11663,"template":"","meta":[],"product_brand":[],"product_cat":[467,491],"product_tag":[],"class_list":{"0":"post-9970","1":"product","2":"type-product","3":"status-publish","4":"has-post-thumbnail","6":"product_cat-atelier-empreintes","7":"product_cat-nettoyage-et-entretien","8":"tm-no-options","10":"first","11":"instock","12":"taxable","13":"shipping-taxable","14":"product-type-simple"},"_links":{"self":[{"href":"https:\/\/www.ocshop.ch\/fr\/wp-json\/wp\/v2\/product\/9970","targetHints":{"allow":["GET"]}}],"collection":[{"href":"https:\/\/www.ocshop.ch\/fr\/wp-json\/wp\/v2\/product"}],"about":[{"href":"https:\/\/www.ocshop.ch\/fr\/wp-json\/wp\/v2\/types\/product"}],"wp:featuredmedia":[{"embeddable":true,"href":"https:\/\/www.ocshop.ch\/fr\/wp-json\/wp\/v2\/media\/11663"}],"wp:attachment":[{"href":"https:\/\/www.ocshop.ch\/fr\/wp-json\/wp\/v2\/media?parent=9970"}],"wp:term":[{"taxonomy":"product_brand","embeddable":true,"href":"https:\/\/www.ocshop.ch\/fr\/wp-json\/wp\/v2\/product_brand?post=9970"},{"taxonomy":"product_cat","embeddable":true,"href":"https:\/\/www.ocshop.ch\/fr\/wp-json\/wp\/v2\/product_cat?post=9970"},{"taxonomy":"product_tag","embeddable":true,"href":"https:\/\/www.ocshop.ch\/fr\/wp-json\/wp\/v2\/product_tag?post=9970"}],"curies":[{"name":"wp","href":"https:\/\/api.w.org\/{rel}","templated":true}]}}