{"id":9969,"date":"2011-03-17T11:11:24","date_gmt":"2011-03-17T09:11:24","guid":{"rendered":"https:\/\/shoptest.ocshop.ch\/produkt\/cedis-profi-ultraactiv-bouteille-de-2-litres\/"},"modified":"2011-03-17T11:11:24","modified_gmt":"2011-03-17T09:11:24","slug":"cedis-profi-ultraactiv-bouteille-de-2-litres","status":"publish","type":"product","link":"https:\/\/www.ocshop.ch\/fr\/produkt\/cedis-profi-ultraactiv-bouteille-de-2-litres\/","title":{"rendered":"Cedis Profi UltraActiv, bouteille de 2 litres"},"content":{"rendered":"<p>Concentr\u00e9 pour la d\u00e9sinfection et le nettoyage des embouts et instruments. Sans ph\u00e9nol ni ald\u00e9hyde, efficace contre les bact\u00e9ries, champignons, virus VHB et HIV. Pour une effectivit\u00e9 compl\u00e8te laisser agir 1 minute avec une solution de 7.5 %<\/p>\n","protected":false},"excerpt":{"rendered":"<p>Concentr\u00e9 pour la d\u00e9sinfection et le nettoyage des embouts et instruments. Sans ph\u00e9nol ni ald\u00e9hyde, efficace contre les bact\u00e9ries, champignons, virus VHB et HIV. Pour une effectivit\u00e9 compl\u00e8te laisser agir 1 minute avec une solution de 7.5 %<\/p>\n","protected":false},"featured_media":7020,"template":"","meta":[],"product_brand":[],"product_cat":[467,491],"product_tag":[],"class_list":{"0":"post-9969","1":"product","2":"type-product","3":"status-publish","4":"has-post-thumbnail","6":"product_cat-atelier-empreintes","7":"product_cat-nettoyage-et-entretien","8":"tm-no-options","10":"first","11":"instock","12":"taxable","13":"shipping-taxable","14":"product-type-simple"},"_links":{"self":[{"href":"https:\/\/www.ocshop.ch\/fr\/wp-json\/wp\/v2\/product\/9969","targetHints":{"allow":["GET"]}}],"collection":[{"href":"https:\/\/www.ocshop.ch\/fr\/wp-json\/wp\/v2\/product"}],"about":[{"href":"https:\/\/www.ocshop.ch\/fr\/wp-json\/wp\/v2\/types\/product"}],"wp:featuredmedia":[{"embeddable":true,"href":"https:\/\/www.ocshop.ch\/fr\/wp-json\/wp\/v2\/media\/7020"}],"wp:attachment":[{"href":"https:\/\/www.ocshop.ch\/fr\/wp-json\/wp\/v2\/media?parent=9969"}],"wp:term":[{"taxonomy":"product_brand","embeddable":true,"href":"https:\/\/www.ocshop.ch\/fr\/wp-json\/wp\/v2\/product_brand?post=9969"},{"taxonomy":"product_cat","embeddable":true,"href":"https:\/\/www.ocshop.ch\/fr\/wp-json\/wp\/v2\/product_cat?post=9969"},{"taxonomy":"product_tag","embeddable":true,"href":"https:\/\/www.ocshop.ch\/fr\/wp-json\/wp\/v2\/product_tag?post=9969"}],"curies":[{"name":"wp","href":"https:\/\/api.w.org\/{rel}","templated":true}]}}