{"id":9966,"date":"2011-03-17T11:09:06","date_gmt":"2011-03-17T09:09:06","guid":{"rendered":"https:\/\/shoptest.ocshop.ch\/produkt\/canules-melangeuses-s-50-rose\/"},"modified":"2011-03-17T11:09:06","modified_gmt":"2011-03-17T09:09:06","slug":"canules-melangeuses-s-50-rose","status":"publish","type":"product","link":"https:\/\/www.ocshop.ch\/fr\/produkt\/canules-melangeuses-s-50-rose\/","title":{"rendered":"Canules m\u00e9langeuses S 50, rose"},"content":{"rendered":"<p>Embout pour les cartouches doubles S 50 pour le m\u00e9lange automatique des mat\u00e9riaux d&#8217;empreinte egger A\/soft, egger A\/rapidPRO, egger A\/rapidSWITCH, egger A\/ITE et tous les mat\u00e9riaux DREVE. Extra court, \u00e9conomisant le mat\u00e9riau.<\/p>\n","protected":false},"excerpt":{"rendered":"<p>Embout pour les cartouches doubles S 50 pour le m\u00e9lange automatique des mat\u00e9riaux d&#8217;empreinte egger A\/soft, egger A\/rapidPRO, egger A\/rapidSWITCH, egger A\/ITE et tous les mat\u00e9riaux DREVE. Extra court, \u00e9conomisant le mat\u00e9riau.<\/p>\n","protected":false},"featured_media":7760,"template":"","meta":[],"product_brand":[],"product_cat":[467],"product_tag":[],"class_list":{"0":"post-9966","1":"product","2":"type-product","3":"status-publish","4":"has-post-thumbnail","6":"product_cat-atelier-empreintes","7":"pa_einheit-paquet-de-100-pieces","8":"pa_einheit-paquet-de-40-pieces","9":"tm-no-options","11":"first","12":"instock","13":"taxable","14":"shipping-taxable","15":"product-type-variable"},"_links":{"self":[{"href":"https:\/\/www.ocshop.ch\/fr\/wp-json\/wp\/v2\/product\/9966","targetHints":{"allow":["GET"]}}],"collection":[{"href":"https:\/\/www.ocshop.ch\/fr\/wp-json\/wp\/v2\/product"}],"about":[{"href":"https:\/\/www.ocshop.ch\/fr\/wp-json\/wp\/v2\/types\/product"}],"wp:featuredmedia":[{"embeddable":true,"href":"https:\/\/www.ocshop.ch\/fr\/wp-json\/wp\/v2\/media\/7760"}],"wp:attachment":[{"href":"https:\/\/www.ocshop.ch\/fr\/wp-json\/wp\/v2\/media?parent=9966"}],"wp:term":[{"taxonomy":"product_brand","embeddable":true,"href":"https:\/\/www.ocshop.ch\/fr\/wp-json\/wp\/v2\/product_brand?post=9966"},{"taxonomy":"product_cat","embeddable":true,"href":"https:\/\/www.ocshop.ch\/fr\/wp-json\/wp\/v2\/product_cat?post=9966"},{"taxonomy":"product_tag","embeddable":true,"href":"https:\/\/www.ocshop.ch\/fr\/wp-json\/wp\/v2\/product_tag?post=9966"}],"curies":[{"name":"wp","href":"https:\/\/api.w.org\/{rel}","templated":true}]}}