{"id":9964,"date":"2011-07-04T11:05:29","date_gmt":"2011-07-04T11:05:29","guid":{"rendered":"https:\/\/shoptest.ocshop.ch\/produkt\/cedis-e150-dus-appareil-dhygiene-electrique\/"},"modified":"2025-09-23T11:40:37","modified_gmt":"2025-09-23T09:40:37","slug":"cedis-e150-dus-appareil-dhygiene-electrique","status":"publish","type":"product","link":"https:\/\/www.ocshop.ch\/fr\/produkt\/cedis-e150-dus-appareil-dhygiene-electrique\/","title":{"rendered":"cedis e150.DUS &#8211; Appareil d&rsquo;hygi\u00e8ne \u00e9lectrique"},"content":{"rendered":"<p>cedis e150.DUS &#8211; Station d&rsquo;hygi\u00e8ne \u00e9lectrique<br \/>\nS\u00e9chage, nettoyage par lumi\u00e8re UV-C, stockage<\/p>\n<p>Appareil d&rsquo;hygi\u00e8ne pour un s\u00e9chage garantissant leur bon fonctionnement, une propret\u00e9 hygi\u00e9nique et une conservation s\u00fbre des syst\u00e8mes auditifs. La station d&rsquo;hygi\u00e8ne est facile \u00e0 utiliser et simple \u00e0 nettoyer.<br \/>\n&#8211; chambre d&rsquo;hygi\u00e8ne compacte pour le s\u00e9chage, Nettoyage avec la lumi\u00e8re UV-C et rangement<br \/>\n&#8211; capteur de mise en marche avec impulsion vibrante et signal sonore<br \/>\n&#8211; fonctionnement sur secteur + fonctionnement via le port USB de l&rsquo;ordinateur (c\u00e2ble inclus)<br \/>\n&#8211; s\u00e9chage avec chauffage \u00e9lectrique<br \/>\n&#8211; processus de s\u00e9chage &#8211; 142 minutes<br \/>\n&#8211; Arr\u00eat automatique apr\u00e8s le processus de s\u00e9chage<br \/>\n&#8211; protection contre la surchauffe<br \/>\n&#8211; processus de nettoyage UV-C de 8 minutes en amont<br \/>\n&#8211; couvercle avec fermeture magn\u00e9tique<br \/>\n&#8211; longue dur\u00e9e de vie des sources lumineuses<br \/>\n&#8211; affichage du temps restant au moyen de 5 diodes lumineuses<br \/>\n&#8211; alimentation \u00e9lectrique : Adaptateur secteur 5 V (100 \u00e0 240 V) ou via le c\u00e2ble USB\/mini USB fourni sur l&rsquo;ordinateur <\/p>\n","protected":false},"excerpt":{"rendered":"<p>cedis e150.DUS &#8211; Station d&rsquo;hygi\u00e8ne \u00e9lectrique S\u00e9chage, nettoyage par lumi\u00e8re UV-C, stockage Appareil d&rsquo;hygi\u00e8ne pour un s\u00e9chage garantissant leur bon fonctionnement, une propret\u00e9 hygi\u00e9nique et une conservation s\u00fbre des syst\u00e8mes auditifs. La station d&rsquo;hygi\u00e8ne est facile \u00e0 utiliser et simple \u00e0 nettoyer. &#8211; chambre d&rsquo;hygi\u00e8ne compacte pour le s\u00e9chage, Nettoyage avec la lumi\u00e8re UV-C et [&hellip;]<\/p>\n","protected":false},"featured_media":6738,"template":"","meta":[],"product_brand":[],"product_cat":[491],"product_tag":[],"class_list":{"0":"post-9964","1":"product","2":"type-product","3":"status-publish","4":"has-post-thumbnail","6":"product_cat-nettoyage-et-entretien","7":"tm-no-options","9":"first","10":"instock","11":"sale","12":"taxable","13":"shipping-taxable","14":"product-type-simple"},"_links":{"self":[{"href":"https:\/\/www.ocshop.ch\/fr\/wp-json\/wp\/v2\/product\/9964","targetHints":{"allow":["GET"]}}],"collection":[{"href":"https:\/\/www.ocshop.ch\/fr\/wp-json\/wp\/v2\/product"}],"about":[{"href":"https:\/\/www.ocshop.ch\/fr\/wp-json\/wp\/v2\/types\/product"}],"wp:featuredmedia":[{"embeddable":true,"href":"https:\/\/www.ocshop.ch\/fr\/wp-json\/wp\/v2\/media\/6738"}],"wp:attachment":[{"href":"https:\/\/www.ocshop.ch\/fr\/wp-json\/wp\/v2\/media?parent=9964"}],"wp:term":[{"taxonomy":"product_brand","embeddable":true,"href":"https:\/\/www.ocshop.ch\/fr\/wp-json\/wp\/v2\/product_brand?post=9964"},{"taxonomy":"product_cat","embeddable":true,"href":"https:\/\/www.ocshop.ch\/fr\/wp-json\/wp\/v2\/product_cat?post=9964"},{"taxonomy":"product_tag","embeddable":true,"href":"https:\/\/www.ocshop.ch\/fr\/wp-json\/wp\/v2\/product_tag?post=9964"}],"curies":[{"name":"wp","href":"https:\/\/api.w.org\/{rel}","templated":true}]}}