{"id":9962,"date":"2019-03-05T10:33:28","date_gmt":"2019-03-05T08:33:28","guid":{"rendered":"https:\/\/shoptest.ocshop.ch\/produkt\/pack-de-recharge-de-lingettes-desinfectantes-cedis-ec2-7-f-90-unites\/"},"modified":"2024-09-05T08:15:35","modified_gmt":"2024-09-05T06:15:35","slug":"pack-de-recharge-de-lingettes-desinfectantes-cedis-ec2-7-f-90-unites","status":"publish","type":"product","link":"https:\/\/www.ocshop.ch\/fr\/produkt\/pack-de-recharge-de-lingettes-desinfectantes-cedis-ec2-7-f-90-unites\/","title":{"rendered":"cedis recharge de lingettes d\u00e9sinfectantes eC2.7.F, 90 pi\u00e8ces"},"content":{"rendered":"<p>Pour un nettoyage et une d\u00e9sinfection rapides et en profondeur (bact\u00e9ricide, fongicide et h\u00e9patovirucide) des appareils auditifs et des otoplastiques. Pour les grands distributeurs, emball\u00e9 (90 lingettes) <\/p>\n","protected":false},"excerpt":{"rendered":"<p>Pour un nettoyage et une d\u00e9sinfection rapides et en profondeur (bact\u00e9ricide, fongicide et h\u00e9patovirucide) des appareils auditifs et des otoplastiques. Pour les grands distributeurs, emball\u00e9 (90 lingettes)<\/p>\n","protected":false},"featured_media":11611,"template":"","meta":[],"product_brand":[],"product_cat":[491],"product_tag":[],"class_list":{"0":"post-9962","1":"product","2":"type-product","3":"status-publish","4":"has-post-thumbnail","6":"product_cat-nettoyage-et-entretien","7":"pa_einheit-paquet-de-90-pieces","8":"tm-no-options","10":"first","11":"instock","12":"taxable","13":"shipping-taxable","14":"product-type-simple"},"_links":{"self":[{"href":"https:\/\/www.ocshop.ch\/fr\/wp-json\/wp\/v2\/product\/9962","targetHints":{"allow":["GET"]}}],"collection":[{"href":"https:\/\/www.ocshop.ch\/fr\/wp-json\/wp\/v2\/product"}],"about":[{"href":"https:\/\/www.ocshop.ch\/fr\/wp-json\/wp\/v2\/types\/product"}],"wp:featuredmedia":[{"embeddable":true,"href":"https:\/\/www.ocshop.ch\/fr\/wp-json\/wp\/v2\/media\/11611"}],"wp:attachment":[{"href":"https:\/\/www.ocshop.ch\/fr\/wp-json\/wp\/v2\/media?parent=9962"}],"wp:term":[{"taxonomy":"product_brand","embeddable":true,"href":"https:\/\/www.ocshop.ch\/fr\/wp-json\/wp\/v2\/product_brand?post=9962"},{"taxonomy":"product_cat","embeddable":true,"href":"https:\/\/www.ocshop.ch\/fr\/wp-json\/wp\/v2\/product_cat?post=9962"},{"taxonomy":"product_tag","embeddable":true,"href":"https:\/\/www.ocshop.ch\/fr\/wp-json\/wp\/v2\/product_tag?post=9962"}],"curies":[{"name":"wp","href":"https:\/\/api.w.org\/{rel}","templated":true}]}}