{"id":9960,"date":"2024-03-15T23:07:55","date_gmt":"2024-03-15T21:07:55","guid":{"rendered":"https:\/\/shoptest.ocshop.ch\/produkt\/colle-instantanee-cyberbond-2028\/"},"modified":"2024-09-05T08:09:59","modified_gmt":"2024-09-05T06:09:59","slug":"colle-instantanee-cyberbond-2028","status":"publish","type":"product","link":"https:\/\/www.ocshop.ch\/fr\/produkt\/colle-instantanee-cyberbond-2028\/","title":{"rendered":"Colle instantan\u00e9e Cyberbond\u00ae 2028"},"content":{"rendered":"\n<p><strong>Cyberbond CB 2028<\/strong> est une colle instantan\u00e9e incolore \u00e0 base d&rsquo;\u00e9thyl-2-cyanoacrylate.\nElle poss\u00e8de une viscosit\u00e9 moyenne, durcit rapidement et r\u00e9siste au vieillissement.   <\/p>\n\n<p>Cet adh\u00e9sif instantan\u00e9 de la gamme \u00e9lastom\u00e8re et plastique colle particuli\u00e8rement bien les mat\u00e9riaux suivants : <\/p>\n\n<p>Caoutchouc, en particulier ThermoTec et SysTherm, mati\u00e8res plastiques<\/p>\n\n<p><\/p>\n\n<p>Cette colle cyanoacrylate est particuli\u00e8rement adapt\u00e9e aux applications manuelles en raison de sa viscosit\u00e9 moyenne.\nAvant le collage, la surface doit \u00eatre propre, s\u00e8che et exempte de graisse.\nLe primaire Cyberbond CB 9056 est id\u00e9al pour cela.\nLe durcissement se fait avec l&rsquo;humidit\u00e9 de l&rsquo;air et peut \u00eatre acc\u00e9l\u00e9r\u00e9 en utilisant un activateur.     <\/p>\n\n<p><\/p>\n\n<p><strong>AVANTAGES DE LA CYBERBOND CB 2028<\/strong> <\/p>\n\n<p>ISO 10993-5 Biocompatibilit\u00e9 <\/p>\n\n<p>ISO 10993-10 Test d&rsquo;irritation et d&rsquo;hypersensibilit\u00e9 cutan\u00e9e <\/p>\n\n<p>ISO 10993-11 Essais de toxicit\u00e9 syst\u00e9mique <\/p>\n\n<p>Homologation NSF P1 (n\u00b0 153547) pour utilisation dans les installations de traitement des aliments <\/p>\n\n<p>Durcissement rapide <\/p>\n\n<p>Viscosit\u00e9 moyenne permettant un dosage facile <\/p>\n\n<p>Sans solvant <\/p>\n\n<p>Tr\u00e8s bonne r\u00e9sistance aux solvants, \u00e0 l&rsquo;alcool, aux acides et bases aqueux faibles, \u00e0 l&rsquo;isopropanol <\/p>\n\n<p>Monocomposant &#8211; pas de m\u00e9lange n\u00e9cessaire <\/p>\n\n<p><\/p>\n\n<p>\n          <strong>DONN\u00c9ES TECHNIQUES <\/strong>\n        <\/p>\n\n<p>Conditionnement : flacon de 20 g <\/p>\n\n<p>Chim.\nBase : 2-cyanoacrylate d&rsquo;\u00e9thyle   <\/p>\n\n<p>Couleur : incolore, transparent <\/p>\n\n<p>Viscosit\u00e9 : moyenne, 150 &#8211; 300 mPas (20 \u00b0C, 160 tr\/min) <\/p>\n\n<p>Durcissement : par l&rsquo;humidit\u00e9 de l&rsquo;air <\/p>\n\n<p>Plage de temp\u00e9rature : -55 \u00b0C \u00e0 95 \u00b0C <\/p>\n","protected":false},"excerpt":{"rendered":"<p>Cyberbond CB 2028 est une colle instantan\u00e9e incolore \u00e0 base d&rsquo;\u00e9thyl-2-cyanoacrylate. Elle poss\u00e8de une viscosit\u00e9 moyenne, durcit rapidement et r\u00e9siste au vieillissement. Cet adh\u00e9sif instantan\u00e9 de la gamme \u00e9lastom\u00e8re et plastique colle particuli\u00e8rement bien les mat\u00e9riaux suivants : Caoutchouc, en particulier ThermoTec et SysTherm, mati\u00e8res plastiques Cette colle cyanoacrylate est particuli\u00e8rement adapt\u00e9e aux applications manuelles [&hellip;]<\/p>\n","protected":false},"featured_media":11626,"template":"","meta":[],"product_brand":[],"product_cat":[467],"product_tag":[],"class_list":{"0":"post-9960","1":"product","2":"type-product","3":"status-publish","4":"has-post-thumbnail","6":"product_cat-atelier-empreintes","7":"tm-no-options","9":"first","10":"instock","11":"taxable","12":"shipping-taxable","13":"product-type-simple"},"_links":{"self":[{"href":"https:\/\/www.ocshop.ch\/fr\/wp-json\/wp\/v2\/product\/9960","targetHints":{"allow":["GET"]}}],"collection":[{"href":"https:\/\/www.ocshop.ch\/fr\/wp-json\/wp\/v2\/product"}],"about":[{"href":"https:\/\/www.ocshop.ch\/fr\/wp-json\/wp\/v2\/types\/product"}],"wp:featuredmedia":[{"embeddable":true,"href":"https:\/\/www.ocshop.ch\/fr\/wp-json\/wp\/v2\/media\/11626"}],"wp:attachment":[{"href":"https:\/\/www.ocshop.ch\/fr\/wp-json\/wp\/v2\/media?parent=9960"}],"wp:term":[{"taxonomy":"product_brand","embeddable":true,"href":"https:\/\/www.ocshop.ch\/fr\/wp-json\/wp\/v2\/product_brand?post=9960"},{"taxonomy":"product_cat","embeddable":true,"href":"https:\/\/www.ocshop.ch\/fr\/wp-json\/wp\/v2\/product_cat?post=9960"},{"taxonomy":"product_tag","embeddable":true,"href":"https:\/\/www.ocshop.ch\/fr\/wp-json\/wp\/v2\/product_tag?post=9960"}],"curies":[{"name":"wp","href":"https:\/\/api.w.org\/{rel}","templated":true}]}}