{"id":9959,"date":"2024-06-09T18:55:13","date_gmt":"2024-06-09T16:55:13","guid":{"rendered":"https:\/\/shoptest.ocshop.ch\/produkt\/otoform-ak\/"},"modified":"2025-01-07T14:32:22","modified_gmt":"2025-01-07T12:32:22","slug":"otoform-ak","status":"publish","type":"product","link":"https:\/\/www.ocshop.ch\/fr\/produkt\/otoform-ak\/","title":{"rendered":"Otoform\u00ae Ak"},"content":{"rendered":"\n<p>Le premier silicone pour moulage auriculaire non collant et mall\u00e9able, \u00e0 la consistance l\u00e9g\u00e8rement pressurisante, en double cartouche.\nPour une prise d&#8217;empreinte rapide, s\u00fbre et hygi\u00e9nique. <\/p>\n","protected":false},"excerpt":{"rendered":"<p>Le premier silicone pour moulage auriculaire non collant et mall\u00e9able, \u00e0 la consistance l\u00e9g\u00e8rement pressurisante, en double cartouche. Pour une prise d&#8217;empreinte rapide, s\u00fbre et hygi\u00e9nique.<\/p>\n","protected":false},"featured_media":8399,"template":"","meta":[],"product_brand":[],"product_cat":[467],"product_tag":[],"class_list":{"0":"post-9959","1":"product","2":"type-product","3":"status-publish","4":"has-post-thumbnail","6":"product_cat-atelier-empreintes","7":"tm-no-options","9":"first","10":"instock","11":"taxable","12":"shipping-taxable","13":"product-type-simple"},"_links":{"self":[{"href":"https:\/\/www.ocshop.ch\/fr\/wp-json\/wp\/v2\/product\/9959","targetHints":{"allow":["GET"]}}],"collection":[{"href":"https:\/\/www.ocshop.ch\/fr\/wp-json\/wp\/v2\/product"}],"about":[{"href":"https:\/\/www.ocshop.ch\/fr\/wp-json\/wp\/v2\/types\/product"}],"wp:featuredmedia":[{"embeddable":true,"href":"https:\/\/www.ocshop.ch\/fr\/wp-json\/wp\/v2\/media\/8399"}],"wp:attachment":[{"href":"https:\/\/www.ocshop.ch\/fr\/wp-json\/wp\/v2\/media?parent=9959"}],"wp:term":[{"taxonomy":"product_brand","embeddable":true,"href":"https:\/\/www.ocshop.ch\/fr\/wp-json\/wp\/v2\/product_brand?post=9959"},{"taxonomy":"product_cat","embeddable":true,"href":"https:\/\/www.ocshop.ch\/fr\/wp-json\/wp\/v2\/product_cat?post=9959"},{"taxonomy":"product_tag","embeddable":true,"href":"https:\/\/www.ocshop.ch\/fr\/wp-json\/wp\/v2\/product_tag?post=9959"}],"curies":[{"name":"wp","href":"https:\/\/api.w.org\/{rel}","templated":true}]}}