{"id":9955,"date":"2024-06-09T18:22:45","date_gmt":"2024-06-09T16:22:45","guid":{"rendered":"https:\/\/shoptest.ocshop.ch\/produkt\/otoform-a-softx-boost-avec-indicateur-de-couleur\/"},"modified":"2025-01-07T14:32:22","modified_gmt":"2025-01-07T12:32:22","slug":"otoform-a-softx-boost-avec-indicateur-de-couleur","status":"publish","type":"product","link":"https:\/\/www.ocshop.ch\/fr\/produkt\/otoform-a-softx-boost-avec-indicateur-de-couleur\/","title":{"rendered":"Otoform\u00ae A softX boost avec indicateur de couleur"},"content":{"rendered":"\n<p>Mat\u00e9riau d&#8217;empreinte optimis\u00e9 avec un temps de prise r\u00e9duit de 90 secondes.\nLe mat\u00e9riau indique qu&rsquo;il est durci par un changement de couleur du vert au jaune fluo.\nIl est r\u00e9ticulable par addition en consistance p\u00e2teuse.\nLa facilit\u00e9 de transport r\u00e9duit l&rsquo;effort n\u00e9cessaire \u00e0 la prise d&#8217;empreinte et le mat\u00e9riau peut \u00eatre appliqu\u00e9 en profondeur dans le conduit auditif.\nMalgr\u00e9 sa bonne fluidit\u00e9, il est absolument thixotrope et ne s&rsquo;\u00e9coule de la cartouche que lorsqu&rsquo;il est transport\u00e9.\nOtoform\u00ae A softX boost est particuli\u00e8rement adapt\u00e9 aux moulages d&rsquo;oreilles profonds, notamment pour les tissus auriculaires sensibles et les oreilles d&rsquo;enfants.     <\/p>\n","protected":false},"excerpt":{"rendered":"<p>Mat\u00e9riau d&#8217;empreinte optimis\u00e9 avec un temps de prise r\u00e9duit de 90 secondes. Le mat\u00e9riau indique qu&rsquo;il est durci par un changement de couleur du vert au jaune fluo. Il est r\u00e9ticulable par addition en consistance p\u00e2teuse. La facilit\u00e9 de transport r\u00e9duit l&rsquo;effort n\u00e9cessaire \u00e0 la prise d&#8217;empreinte et le mat\u00e9riau peut \u00eatre appliqu\u00e9 en profondeur [&hellip;]<\/p>\n","protected":false},"featured_media":8389,"template":"","meta":[],"product_brand":[],"product_cat":[467],"product_tag":[],"class_list":{"0":"post-9955","1":"product","2":"type-product","3":"status-publish","4":"has-post-thumbnail","6":"product_cat-atelier-empreintes","7":"tm-no-options","9":"first","10":"instock","11":"taxable","12":"shipping-taxable","13":"product-type-simple"},"_links":{"self":[{"href":"https:\/\/www.ocshop.ch\/fr\/wp-json\/wp\/v2\/product\/9955","targetHints":{"allow":["GET"]}}],"collection":[{"href":"https:\/\/www.ocshop.ch\/fr\/wp-json\/wp\/v2\/product"}],"about":[{"href":"https:\/\/www.ocshop.ch\/fr\/wp-json\/wp\/v2\/types\/product"}],"wp:featuredmedia":[{"embeddable":true,"href":"https:\/\/www.ocshop.ch\/fr\/wp-json\/wp\/v2\/media\/8389"}],"wp:attachment":[{"href":"https:\/\/www.ocshop.ch\/fr\/wp-json\/wp\/v2\/media?parent=9955"}],"wp:term":[{"taxonomy":"product_brand","embeddable":true,"href":"https:\/\/www.ocshop.ch\/fr\/wp-json\/wp\/v2\/product_brand?post=9955"},{"taxonomy":"product_cat","embeddable":true,"href":"https:\/\/www.ocshop.ch\/fr\/wp-json\/wp\/v2\/product_cat?post=9955"},{"taxonomy":"product_tag","embeddable":true,"href":"https:\/\/www.ocshop.ch\/fr\/wp-json\/wp\/v2\/product_tag?post=9955"}],"curies":[{"name":"wp","href":"https:\/\/api.w.org\/{rel}","templated":true}]}}