{"id":9954,"date":"2024-06-09T17:43:12","date_gmt":"2024-06-09T15:43:12","guid":{"rendered":"https:\/\/shoptest.ocshop.ch\/produkt\/otoform-xpand\/"},"modified":"2025-01-07T14:32:21","modified_gmt":"2025-01-07T12:32:21","slug":"otoform-xpand","status":"publish","type":"product","link":"https:\/\/www.ocshop.ch\/fr\/produkt\/otoform-xpand\/","title":{"rendered":"Otoform\u00ae Xpand"},"content":{"rendered":"\n<p>Das additionsvernetzende Otoform\u00ae Xpand expandiert sanft w\u00e4hrend der Abformung im Ohr.\nDas Material ist besonders bei weichem Ohrgewebe vorteilhaft, da es sich proportional im Ohr ausdehnt.\nEs ist ebenfalls empfehlenswert f\u00fcr die Anpassung von Geh\u00f6rschutz oder leistungsstarken H\u00f6rsystemen, da Otoform\u00ae Xpand die optimale Abdichtung der Otoplastik garantiert.\nDruckaufbauend wie ein Putty Material, erm\u00f6glicht es jedoch eine einfache Ohrabformung ohne viel Kraftaufwand dank der cremig-fluffigen Konsistenz und der hervorragenden Flie\u00dff\u00e4higkeit.   <\/p>\n","protected":false},"excerpt":{"rendered":"<p>Das additionsvernetzende Otoform\u00ae Xpand expandiert sanft w\u00e4hrend der Abformung im Ohr. Das Material ist besonders bei weichem Ohrgewebe vorteilhaft, da es sich proportional im Ohr ausdehnt. Es ist ebenfalls empfehlenswert f\u00fcr die Anpassung von Geh\u00f6rschutz oder leistungsstarken H\u00f6rsystemen, da Otoform\u00ae Xpand die optimale Abdichtung der Otoplastik garantiert. Druckaufbauend wie ein Putty Material, erm\u00f6glicht es jedoch eine einfache Ohrabformung ohne viel Kraftaufwand dank der cremig-fluffigen Konsistenz und der hervorragenden Flie\u00dff\u00e4higkeit.<\/p>\n","protected":false},"featured_media":8377,"template":"","meta":[],"product_brand":[],"product_cat":[467],"product_tag":[],"class_list":{"0":"post-9954","1":"product","2":"type-product","3":"status-publish","4":"has-post-thumbnail","6":"product_cat-atelier-empreintes","7":"tm-no-options","9":"first","10":"instock","11":"taxable","12":"shipping-taxable","13":"product-type-simple"},"_links":{"self":[{"href":"https:\/\/www.ocshop.ch\/fr\/wp-json\/wp\/v2\/product\/9954","targetHints":{"allow":["GET"]}}],"collection":[{"href":"https:\/\/www.ocshop.ch\/fr\/wp-json\/wp\/v2\/product"}],"about":[{"href":"https:\/\/www.ocshop.ch\/fr\/wp-json\/wp\/v2\/types\/product"}],"wp:featuredmedia":[{"embeddable":true,"href":"https:\/\/www.ocshop.ch\/fr\/wp-json\/wp\/v2\/media\/8377"}],"wp:attachment":[{"href":"https:\/\/www.ocshop.ch\/fr\/wp-json\/wp\/v2\/media?parent=9954"}],"wp:term":[{"taxonomy":"product_brand","embeddable":true,"href":"https:\/\/www.ocshop.ch\/fr\/wp-json\/wp\/v2\/product_brand?post=9954"},{"taxonomy":"product_cat","embeddable":true,"href":"https:\/\/www.ocshop.ch\/fr\/wp-json\/wp\/v2\/product_cat?post=9954"},{"taxonomy":"product_tag","embeddable":true,"href":"https:\/\/www.ocshop.ch\/fr\/wp-json\/wp\/v2\/product_tag?post=9954"}],"curies":[{"name":"wp","href":"https:\/\/api.w.org\/{rel}","templated":true}]}}