{"id":9949,"date":"2024-06-09T17:31:36","date_gmt":"2024-06-09T15:31:36","guid":{"rendered":"https:\/\/shoptest.ocshop.ch\/produkt\/coussinets-dempreinte-ventiles-dreve\/"},"modified":"2024-07-11T20:56:52","modified_gmt":"2024-07-11T18:56:52","slug":"coussinets-dempreinte-ventiles-dreve","status":"publish","type":"product","link":"https:\/\/www.ocshop.ch\/fr\/produkt\/coussinets-dempreinte-ventiles-dreve\/","title":{"rendered":"Coussinets d&#8217;empreinte ventil\u00e9s Dreve"},"content":{"rendered":"\n<p>En particulier pour les empreintes auriculaires profondes, car le tuyau d&rsquo;a\u00e9ration sert \u00e0 \u00e9quilibrer la pression lors de l&rsquo;acheminement du mat\u00e9riau et du retrait de l&#8217;empreinte.<\/p>\n","protected":false},"excerpt":{"rendered":"<p>En particulier pour les empreintes auriculaires profondes, car le tuyau d&rsquo;a\u00e9ration sert \u00e0 \u00e9quilibrer la pression lors de l&rsquo;acheminement du mat\u00e9riau et du retrait de l&#8217;empreinte.<\/p>\n","protected":false},"featured_media":8372,"template":"","meta":[],"product_brand":[],"product_cat":[467],"product_tag":[],"class_list":{"0":"post-9949","1":"product","2":"type-product","3":"status-publish","4":"has-post-thumbnail","6":"product_cat-atelier-empreintes","7":"tm-no-options","9":"first","10":"instock","11":"taxable","12":"shipping-taxable","13":"product-type-variable"},"_links":{"self":[{"href":"https:\/\/www.ocshop.ch\/fr\/wp-json\/wp\/v2\/product\/9949","targetHints":{"allow":["GET"]}}],"collection":[{"href":"https:\/\/www.ocshop.ch\/fr\/wp-json\/wp\/v2\/product"}],"about":[{"href":"https:\/\/www.ocshop.ch\/fr\/wp-json\/wp\/v2\/types\/product"}],"wp:featuredmedia":[{"embeddable":true,"href":"https:\/\/www.ocshop.ch\/fr\/wp-json\/wp\/v2\/media\/8372"}],"wp:attachment":[{"href":"https:\/\/www.ocshop.ch\/fr\/wp-json\/wp\/v2\/media?parent=9949"}],"wp:term":[{"taxonomy":"product_brand","embeddable":true,"href":"https:\/\/www.ocshop.ch\/fr\/wp-json\/wp\/v2\/product_brand?post=9949"},{"taxonomy":"product_cat","embeddable":true,"href":"https:\/\/www.ocshop.ch\/fr\/wp-json\/wp\/v2\/product_cat?post=9949"},{"taxonomy":"product_tag","embeddable":true,"href":"https:\/\/www.ocshop.ch\/fr\/wp-json\/wp\/v2\/product_tag?post=9949"}],"curies":[{"name":"wp","href":"https:\/\/api.w.org\/{rel}","templated":true}]}}