{"id":9945,"date":"2024-06-09T14:53:02","date_gmt":"2024-06-09T12:53:02","guid":{"rendered":"https:\/\/shoptest.ocshop.ch\/produkt\/coussins-dempreinte-dreve\/"},"modified":"2026-04-14T07:53:56","modified_gmt":"2026-04-14T05:53:56","slug":"coussins-dempreinte-dreve","status":"publish","type":"product","link":"https:\/\/www.ocshop.ch\/fr\/produkt\/coussins-dempreinte-dreve\/","title":{"rendered":"Coussins d&#8217;empreinte Dreve"},"content":{"rendered":"&#13;\n<p>C\u00f4ne en mousse avec fil de s\u00e9curit\u00e9 pour prot\u00e9ger le tympan lors de la prise d&#8217;empreinte.<\/p>&#13;\n","protected":false},"excerpt":{"rendered":"<p>&#13; C\u00f4ne en mousse avec fil de s\u00e9curit\u00e9 pour prot\u00e9ger le tympan lors de la prise d&#8217;empreinte. &#13;<\/p>\n","protected":false},"featured_media":8348,"template":"","meta":[],"product_brand":[],"product_cat":[467],"product_tag":[],"class_list":{"0":"post-9945","1":"product","2":"type-product","3":"status-publish","4":"has-post-thumbnail","6":"product_cat-atelier-empreintes","7":"tm-no-options","9":"first","10":"instock","11":"taxable","12":"shipping-taxable","13":"product-type-variable"},"_links":{"self":[{"href":"https:\/\/www.ocshop.ch\/fr\/wp-json\/wp\/v2\/product\/9945","targetHints":{"allow":["GET"]}}],"collection":[{"href":"https:\/\/www.ocshop.ch\/fr\/wp-json\/wp\/v2\/product"}],"about":[{"href":"https:\/\/www.ocshop.ch\/fr\/wp-json\/wp\/v2\/types\/product"}],"wp:featuredmedia":[{"embeddable":true,"href":"https:\/\/www.ocshop.ch\/fr\/wp-json\/wp\/v2\/media\/8348"}],"wp:attachment":[{"href":"https:\/\/www.ocshop.ch\/fr\/wp-json\/wp\/v2\/media?parent=9945"}],"wp:term":[{"taxonomy":"product_brand","embeddable":true,"href":"https:\/\/www.ocshop.ch\/fr\/wp-json\/wp\/v2\/product_brand?post=9945"},{"taxonomy":"product_cat","embeddable":true,"href":"https:\/\/www.ocshop.ch\/fr\/wp-json\/wp\/v2\/product_cat?post=9945"},{"taxonomy":"product_tag","embeddable":true,"href":"https:\/\/www.ocshop.ch\/fr\/wp-json\/wp\/v2\/product_tag?post=9945"}],"curies":[{"name":"wp","href":"https:\/\/api.w.org\/{rel}","templated":true}]}}