{"id":9942,"date":"2024-06-09T01:52:05","date_gmt":"2024-06-08T23:52:05","guid":{"rendered":"https:\/\/shoptest.ocshop.ch\/produkt\/dreve-fotoplast-gel-tube-20ml\/"},"modified":"2024-10-13T23:04:12","modified_gmt":"2024-10-13T21:04:12","slug":"dreve-fotoplast-gel-tube-20ml","status":"publish","type":"product","link":"https:\/\/www.ocshop.ch\/fr\/produkt\/dreve-fotoplast-gel-tube-20ml\/","title":{"rendered":"Dreve gel photoplast"},"content":{"rendered":"\n<p>Plastique de r\u00e9paration photopolym\u00e9risable \u00e0 consistance stable. Conditionn\u00e9 en tubes ou en seringues de dosage avec 3 longues canules de dosage flexibles. Tu peux effectuer les travaux de r\u00e9paration et de venting de mani\u00e8re particuli\u00e8rement confortable avec les seringues de dosage pratiques.  <\/p>\n","protected":false},"excerpt":{"rendered":"<p>Plastique de r\u00e9paration photopolym\u00e9risable \u00e0 consistance stable. Conditionn\u00e9 en tubes ou en seringues de dosage avec 3 longues canules de dosage flexibles. Tu peux effectuer les travaux de r\u00e9paration et de venting de mani\u00e8re particuli\u00e8rement confortable avec les seringues de dosage pratiques.<\/p>\n","protected":false},"featured_media":12281,"template":"","meta":[],"product_brand":[],"product_cat":[467],"product_tag":[],"class_list":{"0":"post-9942","1":"product","2":"type-product","3":"status-publish","4":"has-post-thumbnail","6":"product_cat-atelier-empreintes","7":"pa_einheit-1-tube-fr","8":"pa_einheit-seringue-de-dosage","9":"tm-no-options","11":"first","12":"instock","13":"taxable","14":"shipping-taxable","15":"product-type-variable"},"_links":{"self":[{"href":"https:\/\/www.ocshop.ch\/fr\/wp-json\/wp\/v2\/product\/9942","targetHints":{"allow":["GET"]}}],"collection":[{"href":"https:\/\/www.ocshop.ch\/fr\/wp-json\/wp\/v2\/product"}],"about":[{"href":"https:\/\/www.ocshop.ch\/fr\/wp-json\/wp\/v2\/types\/product"}],"wp:featuredmedia":[{"embeddable":true,"href":"https:\/\/www.ocshop.ch\/fr\/wp-json\/wp\/v2\/media\/12281"}],"wp:attachment":[{"href":"https:\/\/www.ocshop.ch\/fr\/wp-json\/wp\/v2\/media?parent=9942"}],"wp:term":[{"taxonomy":"product_brand","embeddable":true,"href":"https:\/\/www.ocshop.ch\/fr\/wp-json\/wp\/v2\/product_brand?post=9942"},{"taxonomy":"product_cat","embeddable":true,"href":"https:\/\/www.ocshop.ch\/fr\/wp-json\/wp\/v2\/product_cat?post=9942"},{"taxonomy":"product_tag","embeddable":true,"href":"https:\/\/www.ocshop.ch\/fr\/wp-json\/wp\/v2\/product_tag?post=9942"}],"curies":[{"name":"wp","href":"https:\/\/api.w.org\/{rel}","templated":true}]}}