{"id":9936,"date":"2024-06-09T19:00:40","date_gmt":"2024-06-09T17:00:40","guid":{"rendered":"https:\/\/shoptest.ocshop.ch\/produkt\/otoform-a-flex\/"},"modified":"2025-01-07T14:32:25","modified_gmt":"2025-01-07T12:32:25","slug":"otoform-a-flex","status":"publish","type":"product","link":"https:\/\/www.ocshop.ch\/fr\/produkt\/otoform-a-flex\/","title":{"rendered":"Otoform\u00ae A flex"},"content":{"rendered":"","protected":false},"excerpt":{"rendered":"<p>Mat\u00e9riau d&#8217;empreinte de consistance p\u00e2teuse, qui est en m\u00eame temps absolument thixotrope et stable et ne coule donc pas de l&rsquo;oreille. Une fois durcie, l&#8217;empreinte se retire facilement de l&rsquo;oreille et pr\u00e9sente une grande r\u00e9sistance \u00e0 la d\u00e9chirure. Particuli\u00e8rement recommand\u00e9 pour les empreintes CIC, les conduits auditifs tr\u00e8s \u00e9troits ou pour les personnes sensibles \u00e0 la douleur.<\/p>\n","protected":false},"featured_media":8404,"template":"","meta":[],"product_brand":[],"product_cat":[467],"product_tag":[],"class_list":{"0":"post-9936","1":"product","2":"type-product","3":"status-publish","4":"has-post-thumbnail","6":"product_cat-atelier-empreintes","7":"tm-no-options","9":"first","10":"instock","11":"taxable","12":"shipping-taxable","13":"product-type-simple"},"_links":{"self":[{"href":"https:\/\/www.ocshop.ch\/fr\/wp-json\/wp\/v2\/product\/9936","targetHints":{"allow":["GET"]}}],"collection":[{"href":"https:\/\/www.ocshop.ch\/fr\/wp-json\/wp\/v2\/product"}],"about":[{"href":"https:\/\/www.ocshop.ch\/fr\/wp-json\/wp\/v2\/types\/product"}],"wp:featuredmedia":[{"embeddable":true,"href":"https:\/\/www.ocshop.ch\/fr\/wp-json\/wp\/v2\/media\/8404"}],"wp:attachment":[{"href":"https:\/\/www.ocshop.ch\/fr\/wp-json\/wp\/v2\/media?parent=9936"}],"wp:term":[{"taxonomy":"product_brand","embeddable":true,"href":"https:\/\/www.ocshop.ch\/fr\/wp-json\/wp\/v2\/product_brand?post=9936"},{"taxonomy":"product_cat","embeddable":true,"href":"https:\/\/www.ocshop.ch\/fr\/wp-json\/wp\/v2\/product_cat?post=9936"},{"taxonomy":"product_tag","embeddable":true,"href":"https:\/\/www.ocshop.ch\/fr\/wp-json\/wp\/v2\/product_tag?post=9936"}],"curies":[{"name":"wp","href":"https:\/\/api.w.org\/{rel}","templated":true}]}}