{"id":9931,"date":"2024-05-20T19:08:31","date_gmt":"2024-05-20T17:08:31","guid":{"rendered":"https:\/\/shoptest.ocshop.ch\/produkt\/tuyau-acoustique-en-pvc-au-metre\/"},"modified":"2024-05-20T19:08:31","modified_gmt":"2024-05-20T17:08:31","slug":"tuyau-acoustique-en-pvc-au-metre","status":"publish","type":"product","link":"https:\/\/www.ocshop.ch\/fr\/produkt\/tuyau-acoustique-en-pvc-au-metre\/","title":{"rendered":"Tuyau acoustique en PVC, au m\u00e8tre"},"content":{"rendered":"<div class=\"variant-name\">Tuyau acoustique en PVC au m\u00e8tre<\/div>\n<div class=\"product-specs-box\">\n<div class=\"specification-wrapper\"><span class=\"specification-name\">Diam\u00e8tres : <\/span><span class=\"specification-value\">2,5 mm \u00e0 4,0mm<\/span><\/div>\n<div class=\"specification-wrapper\"><span class=\"specification-name\">de couleur : <\/span><span class=\"specification-value\">transparent<\/span><\/div>\n<\/div>\n","protected":false},"excerpt":{"rendered":"<p>Tuyau acoustique en PVC au m\u00e8tre Diam\u00e8tres : 2,5 mm \u00e0 4,0mm de couleur : transparent<\/p>\n","protected":false},"featured_media":7894,"template":"","meta":[],"product_brand":[],"product_cat":[467],"product_tag":[],"class_list":{"0":"post-9931","1":"product","2":"type-product","3":"status-publish","4":"has-post-thumbnail","6":"product_cat-atelier-empreintes","7":"tm-no-options","9":"first","10":"instock","11":"taxable","12":"shipping-taxable","13":"product-type-variable"},"_links":{"self":[{"href":"https:\/\/www.ocshop.ch\/fr\/wp-json\/wp\/v2\/product\/9931","targetHints":{"allow":["GET"]}}],"collection":[{"href":"https:\/\/www.ocshop.ch\/fr\/wp-json\/wp\/v2\/product"}],"about":[{"href":"https:\/\/www.ocshop.ch\/fr\/wp-json\/wp\/v2\/types\/product"}],"wp:featuredmedia":[{"embeddable":true,"href":"https:\/\/www.ocshop.ch\/fr\/wp-json\/wp\/v2\/media\/7894"}],"wp:attachment":[{"href":"https:\/\/www.ocshop.ch\/fr\/wp-json\/wp\/v2\/media?parent=9931"}],"wp:term":[{"taxonomy":"product_brand","embeddable":true,"href":"https:\/\/www.ocshop.ch\/fr\/wp-json\/wp\/v2\/product_brand?post=9931"},{"taxonomy":"product_cat","embeddable":true,"href":"https:\/\/www.ocshop.ch\/fr\/wp-json\/wp\/v2\/product_cat?post=9931"},{"taxonomy":"product_tag","embeddable":true,"href":"https:\/\/www.ocshop.ch\/fr\/wp-json\/wp\/v2\/product_tag?post=9931"}],"curies":[{"name":"wp","href":"https:\/\/api.w.org\/{rel}","templated":true}]}}