{"id":9927,"date":"2024-05-20T17:25:40","date_gmt":"2024-05-20T15:25:40","guid":{"rendered":"https:\/\/shoptest.ocshop.ch\/produkt\/tampons-dempreinte-ventiles-en-mousse-elastique\/"},"modified":"2024-05-20T17:25:40","modified_gmt":"2024-05-20T15:25:40","slug":"tampons-dempreinte-ventiles-en-mousse-elastique","status":"publish","type":"product","link":"https:\/\/www.ocshop.ch\/fr\/produkt\/tampons-dempreinte-ventiles-en-mousse-elastique\/","title":{"rendered":"Tampons d&#8217;empreinte ventil\u00e9s en mousse \u00e9lastique"},"content":{"rendered":"<div class=\"variant-description\">Le fil de s\u00e9curit\u00e9 de ces coussinets est un tube qui permet \u00e0 l&rsquo;air de p\u00e9n\u00e9trer dans le conduit auditif pendant l&#8217;empreinte de l&rsquo;oreille et le d\u00e9moulage. Cela garantit un \u00e9quilibre entre les diff\u00e9rents potentiels de pression et donc un moulage et un d\u00e9moulage agr\u00e9ables. Le b\u00e2ton lumineux est assorti d&rsquo;un embout sp\u00e9cial dans lequel le tampon peut \u00eatre enfil\u00e9 et ainsi \u00eatre plac\u00e9 sans probl\u00e8me plus profond\u00e9ment dans le conduit auditif.<\/div>\n<div class=\"full-description\"><\/div>\n","protected":false},"excerpt":{"rendered":"<p>Le fil de s\u00e9curit\u00e9 de ces coussinets est un tube qui permet \u00e0 l&rsquo;air de p\u00e9n\u00e9trer dans le conduit auditif pendant l&#8217;empreinte de l&rsquo;oreille et le d\u00e9moulage. Cela garantit un \u00e9quilibre entre les diff\u00e9rents potentiels de pression et donc un moulage et un d\u00e9moulage agr\u00e9ables. Le b\u00e2ton lumineux est assorti d&rsquo;un embout sp\u00e9cial dans lequel [&hellip;]<\/p>\n","protected":false},"featured_media":7877,"template":"","meta":[],"product_brand":[],"product_cat":[467],"product_tag":[],"class_list":{"0":"post-9927","1":"product","2":"type-product","3":"status-publish","4":"has-post-thumbnail","6":"product_cat-atelier-empreintes","7":"tm-no-options","9":"first","10":"instock","11":"taxable","12":"shipping-taxable","13":"product-type-variable","14":"has-default-attributes"},"_links":{"self":[{"href":"https:\/\/www.ocshop.ch\/fr\/wp-json\/wp\/v2\/product\/9927","targetHints":{"allow":["GET"]}}],"collection":[{"href":"https:\/\/www.ocshop.ch\/fr\/wp-json\/wp\/v2\/product"}],"about":[{"href":"https:\/\/www.ocshop.ch\/fr\/wp-json\/wp\/v2\/types\/product"}],"wp:featuredmedia":[{"embeddable":true,"href":"https:\/\/www.ocshop.ch\/fr\/wp-json\/wp\/v2\/media\/7877"}],"wp:attachment":[{"href":"https:\/\/www.ocshop.ch\/fr\/wp-json\/wp\/v2\/media?parent=9927"}],"wp:term":[{"taxonomy":"product_brand","embeddable":true,"href":"https:\/\/www.ocshop.ch\/fr\/wp-json\/wp\/v2\/product_brand?post=9927"},{"taxonomy":"product_cat","embeddable":true,"href":"https:\/\/www.ocshop.ch\/fr\/wp-json\/wp\/v2\/product_cat?post=9927"},{"taxonomy":"product_tag","embeddable":true,"href":"https:\/\/www.ocshop.ch\/fr\/wp-json\/wp\/v2\/product_tag?post=9927"}],"curies":[{"name":"wp","href":"https:\/\/api.w.org\/{rel}","templated":true}]}}