{"id":9926,"date":"2024-05-20T20:37:44","date_gmt":"2024-05-20T18:37:44","guid":{"rendered":"https:\/\/shoptest.ocshop.ch\/produkt\/dry-tube-oe-20-x-30-mm-pre-courbe-transparent\/"},"modified":"2024-05-20T20:37:44","modified_gmt":"2024-05-20T18:37:44","slug":"dry-tube-oe-20-x-30-mm-pre-courbe-transparent","status":"publish","type":"product","link":"https:\/\/www.ocshop.ch\/fr\/produkt\/dry-tube-oe-20-x-30-mm-pre-courbe-transparent\/","title":{"rendered":"Dry Tube \u00d8 2,0 x 3,0 mm, pr\u00e9-courb\u00e9, transparent"},"content":{"rendered":"<div class=\"short-description\">Le tuyau sp\u00e9cial en polyur\u00e9thane permet \u00e0 l&rsquo;humidit\u00e9 de se diffuser et s&rsquo;oppose ainsi \u00e0 la formation \u00e9ventuelle de condensation dans le tuyau acoustique.<\/div>\n<div><\/div>\n<div>Diam\u00e8tre : 2.0 x 3.0 mm<\/div>\n<div>Emballage : 10 pi\u00e8ces<\/div>\n","protected":false},"excerpt":{"rendered":"<p>Le tuyau sp\u00e9cial en polyur\u00e9thane permet \u00e0 l&rsquo;humidit\u00e9 de se diffuser et s&rsquo;oppose ainsi \u00e0 la formation \u00e9ventuelle de condensation dans le tuyau acoustique. Diam\u00e8tre : 2.0 x 3.0 mm Emballage : 10 pi\u00e8ces<\/p>\n","protected":false},"featured_media":6921,"template":"","meta":[],"product_brand":[],"product_cat":[467],"product_tag":[],"class_list":{"0":"post-9926","1":"product","2":"type-product","3":"status-publish","4":"has-post-thumbnail","6":"product_cat-atelier-empreintes","7":"pa_einheit-metre","8":"tm-no-options","10":"first","11":"instock","12":"taxable","13":"shipping-taxable","14":"product-type-simple"},"_links":{"self":[{"href":"https:\/\/www.ocshop.ch\/fr\/wp-json\/wp\/v2\/product\/9926","targetHints":{"allow":["GET"]}}],"collection":[{"href":"https:\/\/www.ocshop.ch\/fr\/wp-json\/wp\/v2\/product"}],"about":[{"href":"https:\/\/www.ocshop.ch\/fr\/wp-json\/wp\/v2\/types\/product"}],"wp:featuredmedia":[{"embeddable":true,"href":"https:\/\/www.ocshop.ch\/fr\/wp-json\/wp\/v2\/media\/6921"}],"wp:attachment":[{"href":"https:\/\/www.ocshop.ch\/fr\/wp-json\/wp\/v2\/media?parent=9926"}],"wp:term":[{"taxonomy":"product_brand","embeddable":true,"href":"https:\/\/www.ocshop.ch\/fr\/wp-json\/wp\/v2\/product_brand?post=9926"},{"taxonomy":"product_cat","embeddable":true,"href":"https:\/\/www.ocshop.ch\/fr\/wp-json\/wp\/v2\/product_cat?post=9926"},{"taxonomy":"product_tag","embeddable":true,"href":"https:\/\/www.ocshop.ch\/fr\/wp-json\/wp\/v2\/product_tag?post=9926"}],"curies":[{"name":"wp","href":"https:\/\/api.w.org\/{rel}","templated":true}]}}