{"id":9847,"date":"2011-03-17T11:09:40","date_gmt":"2011-03-17T09:09:40","guid":{"rendered":"https:\/\/shoptest.ocshop.ch\/produkt\/mandrin\/"},"modified":"2024-07-10T23:17:03","modified_gmt":"2024-07-10T21:17:03","slug":"mandrin","status":"publish","type":"product","link":"https:\/\/www.ocshop.ch\/fr\/produkt\/mandrin\/","title":{"rendered":"Mandrin"},"content":{"rendered":"<p>Mandrin pour polissoir en caoutchouc r\u00e9f. 49500, r\u00e9f. 72725, r\u00e9f. 72726 ou pour disque \u00e0 polir r\u00e9f. 74200<\/p>\n<p class=\"short-description\">Respectez la vitesse de rotation maximale de 30.000 tours\/min!<\/p>\n<p>&nbsp;<\/p>\n","protected":false},"excerpt":{"rendered":"<p>Mandrin pour polissoir en caoutchouc r\u00e9f. 49500, r\u00e9f. 72725, r\u00e9f. 72726 ou pour disque \u00e0 polir r\u00e9f. 74200 Respectez la vitesse de rotation maximale de 30.000 tours\/min! &nbsp;<\/p>\n","protected":false},"featured_media":7285,"template":"","meta":[],"product_brand":[],"product_cat":[467],"product_tag":[],"class_list":{"0":"post-9847","1":"product","2":"type-product","3":"status-publish","4":"has-post-thumbnail","6":"product_cat-atelier-empreintes","7":"tm-no-options","9":"first","10":"instock","11":"taxable","12":"shipping-taxable","13":"product-type-simple"},"_links":{"self":[{"href":"https:\/\/www.ocshop.ch\/fr\/wp-json\/wp\/v2\/product\/9847","targetHints":{"allow":["GET"]}}],"collection":[{"href":"https:\/\/www.ocshop.ch\/fr\/wp-json\/wp\/v2\/product"}],"about":[{"href":"https:\/\/www.ocshop.ch\/fr\/wp-json\/wp\/v2\/types\/product"}],"wp:featuredmedia":[{"embeddable":true,"href":"https:\/\/www.ocshop.ch\/fr\/wp-json\/wp\/v2\/media\/7285"}],"wp:attachment":[{"href":"https:\/\/www.ocshop.ch\/fr\/wp-json\/wp\/v2\/media?parent=9847"}],"wp:term":[{"taxonomy":"product_brand","embeddable":true,"href":"https:\/\/www.ocshop.ch\/fr\/wp-json\/wp\/v2\/product_brand?post=9847"},{"taxonomy":"product_cat","embeddable":true,"href":"https:\/\/www.ocshop.ch\/fr\/wp-json\/wp\/v2\/product_cat?post=9847"},{"taxonomy":"product_tag","embeddable":true,"href":"https:\/\/www.ocshop.ch\/fr\/wp-json\/wp\/v2\/product_tag?post=9847"}],"curies":[{"name":"wp","href":"https:\/\/api.w.org\/{rel}","templated":true}]}}