{"id":9845,"date":"2011-03-17T11:09:39","date_gmt":"2011-03-17T09:09:39","guid":{"rendered":"https:\/\/shoptest.ocshop.ch\/produkt\/meules-douces-vertes-10-pieces\/"},"modified":"2024-07-10T23:16:33","modified_gmt":"2024-07-10T21:16:33","slug":"meules-douces-vertes-10-pieces","status":"publish","type":"product","link":"https:\/\/www.ocshop.ch\/fr\/produkt\/meules-douces-vertes-10-pieces\/","title":{"rendered":"Meules douces, vertes, 10 pi\u00e8ces"},"content":{"rendered":"<p>Pour travailler les empreintes. Meules vendues au d\u00e9tail \u2013 \u00e0 utiliser avec le mandrin r\u00e9f. 73600.<br \/>\nVert, non assembl\u00e9<\/p>\n","protected":false},"excerpt":{"rendered":"<p>Pour travailler les empreintes. Meules vendues au d\u00e9tail \u2013 \u00e0 utiliser avec le mandrin r\u00e9f. 73600. Vert, non assembl\u00e9<\/p>\n","protected":false},"featured_media":7505,"template":"","meta":[],"product_brand":[],"product_cat":[467],"product_tag":[],"class_list":{"0":"post-9845","1":"product","2":"type-product","3":"status-publish","4":"has-post-thumbnail","6":"product_cat-atelier-empreintes","7":"tm-no-options","9":"first","10":"instock","11":"taxable","12":"shipping-taxable","13":"product-type-simple"},"_links":{"self":[{"href":"https:\/\/www.ocshop.ch\/fr\/wp-json\/wp\/v2\/product\/9845","targetHints":{"allow":["GET"]}}],"collection":[{"href":"https:\/\/www.ocshop.ch\/fr\/wp-json\/wp\/v2\/product"}],"about":[{"href":"https:\/\/www.ocshop.ch\/fr\/wp-json\/wp\/v2\/types\/product"}],"wp:featuredmedia":[{"embeddable":true,"href":"https:\/\/www.ocshop.ch\/fr\/wp-json\/wp\/v2\/media\/7505"}],"wp:attachment":[{"href":"https:\/\/www.ocshop.ch\/fr\/wp-json\/wp\/v2\/media?parent=9845"}],"wp:term":[{"taxonomy":"product_brand","embeddable":true,"href":"https:\/\/www.ocshop.ch\/fr\/wp-json\/wp\/v2\/product_brand?post=9845"},{"taxonomy":"product_cat","embeddable":true,"href":"https:\/\/www.ocshop.ch\/fr\/wp-json\/wp\/v2\/product_cat?post=9845"},{"taxonomy":"product_tag","embeddable":true,"href":"https:\/\/www.ocshop.ch\/fr\/wp-json\/wp\/v2\/product_tag?post=9845"}],"curies":[{"name":"wp","href":"https:\/\/api.w.org\/{rel}","templated":true}]}}